{"id":1638,"date":"2018-01-08T13:11:45","date_gmt":"2018-01-08T11:11:45","guid":{"rendered":"http:\/\/detta.ch\/?page_id=1638"},"modified":"2023-07-13T08:58:33","modified_gmt":"2023-07-13T06:58:33","slug":"general-terms-conditions","status":"publish","type":"page","link":"https:\/\/www.detta.ch\/en\/general-terms-conditions\/","title":{"rendered":"GTC"},"content":{"rendered":"\n<h2 class=\"wp-block-heading\">General terms an conditions \/ Impressum \/ Datenschutzerkl\u00e4rung<\/h2>\n\n\n\n<h2 class=\"wp-block-heading\"><br>Impressum<\/h2>\n\n\n\n<p>Responsible for the content of the website:<br><strong>Familie\u00a0<\/strong><br>Regula Detta-Julen\u00a0<br>Lauberweg 84\u00a0<br>3920 Zermatt\u00a0<br>Switzerland\u00a0<br>Telefon +41 (0)78 652 20 05\u00a0<br>www.detta.ch<br><br>Website:<br>mohnrot Webdesign und Grafik<br>Kantonsstrasse 13<br>3930 Visp<br>Telefon 027 945 12 26<br>www.mohnrot.ch<\/p>\n\n\n\n<p><\/p>\n\n\n\n<h2 class=\"wp-block-heading\"><strong>AGB`s<\/strong><\/h2>\n\n\n\n<p><strong>Stornierung von Buchungen:<br><\/strong>Stornierungen bis zu 30 Tage vor Anreise sind kostenlos.<br>Bei Stornierungen unter 30 Tage vor Anreise sowie Nichtanreisen (no Show) ist der Gesamtbetrag<br>f\u00e4llig.<br><br>Wir empfehlen Ihnen eine Annulation Kosten-Versicherung abzuschliessen.<br><br><strong>Zahlungsbedingungen:<br><\/strong>Die Vorauszahlung der gesamten Buchungssumme ist 30 Tage vor der Anreise erforderlich. Die<br>Bankdaten f\u00fcr die \u00dcberweisung befinden sich auf Ihrem Mietvertrag oder Mietbest\u00e4tigung.<br><\/p>\n\n\n\n<p><strong>Allgemeine Gesch\u00e4ftsbedingungen:<\/strong><br>1. Kann der Mieter die vereinbarten Ferien nicht antreten, so hat er dies dem Vermieter m\u00f6glichst<br>Fr\u00fchzeitig zu melden. Er bleibt aber f\u00fcr den Mietzins haftbar, sofern nicht eine anderweitige<br>Vermietung w\u00e4hrend der vorgesehenen Mietdauer m\u00f6glich ist. Wird die vereinbarte Mietdauer nicht<br>Voll eingehalten, so ist gleichwohl der ganze Mietzins f\u00fcr die vereinbarte Dauer zu entrichten.<br>Hinsichtlich fr\u00fcherer Aufhebung des Vertrages gelten die Bestimmungen des Schweizer<br>Obligationenrechts.<br><br>2. Beanstandungen betreffend das Mietobjekt hat der Mieter bei der \u00dcbernahme desselben<br>anzubringen, andernfalls wird angenommen, dass sich die Lokalit\u00e4ten samt Inventar in<br>verabredetem, vertragsm\u00e4ssigem, gutem Zustand befunden haben.<br><br>3. Der Mieter verpflichtet sich, die von ihm gemieteten R\u00e4umlichkeiten samt Inventar vor Schaden zu<br>bewahren und am Schluss der Mietzeit mit allen Schl\u00fcssel und Zubeh\u00f6r und Inventar wieder<br>abzutreten. Besch\u00e4digte oder unbrauchbare Gegenst\u00e4nde m\u00fcssen gemeldet werden.<br><br>4. Der Mieter verpflichtet sich ausserdem, alles irgendwie schadhaft Scheinende oder Sch\u00e4dliche<br>unges\u00e4umt dem Vermieter zu melden. Irgendwie selbstverschuldete Besch\u00e4digungen am Haus oder<br>in der Wohnung oder am Inventar sind vom Mieter zu tragen.<br><br>5. Das Mietobjekt darf weder ganz oder teilweise in Untermiete zu geben, d.h die Wohnung darf nur<br>von derjenigen Anzahl Personen bewohnt werden, die umstehend erw\u00e4hnt ist.<br><br>6. In die Aborte und Kanalisationen d\u00fcrfen keine verstopfenden Gegenst\u00e4nde geworfen werden.<br><br>7. Wo dieser Vertrag keine besonderen Bestimmungen enth\u00e4lt gelten die Artikel Des Schweizerischen<br>Obligationenrechts.<br><br>8. F\u00fcr allf\u00e4llige Streitigkeiten aus dem vorliegenden Vertrag gilt der Ort des Mietobjekts als<br>Gerichtsstand. Massgebend ist das Schweizerisch Recht.<br><br>Corona Extra: Der Vertrag ist bis einen Monat vor der Anreise bindend und der ganze Mietpreis muss<br>bis dann einbezahlt werden. Jedoch mache ich die Corona Ausnahme, dass im Falle eines Lockdowns,<br>auch Skigebiet Schliessung, sowie striktere Quarant\u00e4nebedingungen von Seiten eines der beteiligten<br>L\u00e4nder die Mietzahlung r\u00fcckerstattet wird!<br><br><\/p>\n\n\n\n<h2 class=\"wp-block-heading\">Privacy policy www.detta.ch<\/h2>\n\n\n\n<p>Your booking data is also processed as follows:<\/p>\n\n\n\n<p>Your booking data (e.g. title, first name, last name, nationality, language, e-mail address, mobile telephone number, postal address, number of persons, arrival date, departure date, number of&nbsp;nights of stay and any visitor\u2019s tax exemption) are forwarded to Bonfire AG and Zermatt Tourism (either by us or via our electronic booking system).<br><br>Your booking data is recorded in a central database by Bonfire AG and\/or Zermatt Tourism. If accommodation providers take part in Zermatt Tourism e-mail marketing, the guest data is&nbsp;likewise stored with the third-party provider \u00abSalesforce\u00bb and used as part of the business relationship between the accommodation provider and the guest.<br><br>Your booking data is processed exclusively in Switzerland and the EU.<br><br>Based on this, Zermatt Tourism settles the visitor&#8217;s tax owed and collects the corresponding amount from the service partners.<br><br>Zermatt Tourism also reports information to the Federal Statistical Office.<br><br>Bonfire AG and Zermatt Tourism grant the police access to the database with booking data so that the police can access relevant booking data for missing persons, for example.<br><br>Zermatt Tourism uses the booking data to collect statistics (in particular regarding occupancy, length of stay, number of arrivals, etc.).<\/p>\n\n\n\n<p>The legal basis for this data processing is the fulfilment of a legal obligation within the meaning of Art. 6 para. 1 (c) GDPR (billing and collection of visitor&#8217;s tax\/reporting to the Federal Statistical\u00a0Office) and in the sense of Art. 6 para. 1 (f) GDPR (granting access to the police\/collection of statistics).\u00a0\u00a0<br><br>Your booking data is only used for direct marketing purposes (e.g. newsletter distribution) if you have given us your consent for this.<br><br>More information on the processing of your data by Zermatt Tourism or Bonfire AG can be found in the Zermatt Tourism privacy policy:<br>https:\/\/www.zermatt.ch\/en\/Media\/Zermatt-Tourism-privacy-policy.<br><br><br><strong>Familie\u00a0<\/strong><br>Regula Detta-Julen\u00a0<br>Lauberweg 84\u00a0<br>3920 Zermatt\u00a0<br>Switzerland\u00a0<br>Telefon +41 (0)78 652 20 05\u00a0<br><\/p>\n","protected":false},"excerpt":{"rendered":"<p>General terms an conditions \/ Impressum \/ Datenschutzerkl\u00e4rung Impressum Responsible for the content of the website:Familie\u00a0Regula Detta-Julen\u00a0Lauberweg 84\u00a03920 Zermatt\u00a0Switzerland\u00a0Telefon +41 (0)78 652 20 05\u00a0www.detta.ch Website:mohnrot Webdesign und GrafikKantonsstrasse 133930 VispTelefon 027 945 12 26www.mohnrot.ch AGB`s Stornierung von Buchungen:Stornierungen bis zu 30 Tage vor Anreise sind kostenlos.Bei Stornierungen unter 30 Tage vor Anreise sowie Nichtanreisen (no [&hellip;]<\/p>\n","protected":false},"author":2,"featured_media":0,"parent":0,"menu_order":0,"comment_status":"closed","ping_status":"closed","template":"page-fullwidth.php","meta":{"_acf_changed":false,"footnotes":""},"class_list":["post-1638","page","type-page","status-publish","hentry"],"acf":[],"yoast_head":"<!-- This site is optimized with the Yoast SEO plugin v27.4 - https:\/\/yoast.com\/product\/yoast-seo-wordpress\/ -->\n<title>GTC - Detta Ferienwohnungen Zermatt, Chalet, appartements<\/title>\n<meta name=\"robots\" content=\"index, follow, max-snippet:-1, max-image-preview:large, max-video-preview:-1\" \/>\n<link rel=\"canonical\" href=\"https:\/\/detta.ch\/en\/general-terms-conditions\/\" \/>\n<meta property=\"og:locale\" content=\"en_US\" \/>\n<meta property=\"og:type\" content=\"article\" \/>\n<meta property=\"og:title\" content=\"GTC - Detta Ferienwohnungen Zermatt, Chalet, appartements\" \/>\n<meta property=\"og:description\" content=\"General terms an conditions \/ Impressum \/ Datenschutzerkl\u00e4rung Impressum Responsible for the content of the website:Familie\u00a0Regula Detta-Julen\u00a0Lauberweg 84\u00a03920 Zermatt\u00a0Switzerland\u00a0Telefon +41 (0)78 652 20 05\u00a0www.detta.ch Website:mohnrot Webdesign und GrafikKantonsstrasse 133930 VispTelefon 027 945 12 26www.mohnrot.ch AGB`s Stornierung von Buchungen:Stornierungen bis zu 30 Tage vor Anreise sind kostenlos.Bei Stornierungen unter 30 Tage vor Anreise sowie Nichtanreisen (no [&hellip;]\" \/>\n<meta property=\"og:url\" content=\"https:\/\/detta.ch\/en\/general-terms-conditions\/\" \/>\n<meta property=\"og:site_name\" content=\"Detta Ferienwohnungen Zermatt, Chalet, appartements\" \/>\n<meta property=\"article:modified_time\" content=\"2023-07-13T06:58:33+00:00\" \/>\n<meta name=\"twitter:card\" content=\"summary_large_image\" \/>\n<meta name=\"twitter:label1\" content=\"Est. reading time\" \/>\n\t<meta name=\"twitter:data1\" content=\"4 minutes\" \/>\n<script type=\"application\/ld+json\" class=\"yoast-schema-graph\">{\"@context\":\"https:\\\/\\\/schema.org\",\"@graph\":[{\"@type\":\"WebPage\",\"@id\":\"https:\\\/\\\/detta.ch\\\/en\\\/general-terms-conditions\\\/\",\"url\":\"https:\\\/\\\/detta.ch\\\/en\\\/general-terms-conditions\\\/\",\"name\":\"GTC - Detta Ferienwohnungen Zermatt, Chalet, appartements\",\"isPartOf\":{\"@id\":\"https:\\\/\\\/detta.ch\\\/#website\"},\"datePublished\":\"2018-01-08T11:11:45+00:00\",\"dateModified\":\"2023-07-13T06:58:33+00:00\",\"breadcrumb\":{\"@id\":\"https:\\\/\\\/detta.ch\\\/en\\\/general-terms-conditions\\\/#breadcrumb\"},\"inLanguage\":\"en-US\",\"potentialAction\":[{\"@type\":\"ReadAction\",\"target\":[\"https:\\\/\\\/detta.ch\\\/en\\\/general-terms-conditions\\\/\"]}]},{\"@type\":\"BreadcrumbList\",\"@id\":\"https:\\\/\\\/detta.ch\\\/en\\\/general-terms-conditions\\\/#breadcrumb\",\"itemListElement\":[{\"@type\":\"ListItem\",\"position\":1,\"name\":\"Startseite\",\"item\":\"https:\\\/\\\/detta.ch\\\/en\\\/\"},{\"@type\":\"ListItem\",\"position\":2,\"name\":\"GTC\"}]},{\"@type\":\"WebSite\",\"@id\":\"https:\\\/\\\/detta.ch\\\/#website\",\"url\":\"https:\\\/\\\/detta.ch\\\/\",\"name\":\"Detta Ferienwohnungen Zermatt, Chalet, appartements\",\"description\":\"Ferienwohnungen Zermatt\",\"potentialAction\":[{\"@type\":\"SearchAction\",\"target\":{\"@type\":\"EntryPoint\",\"urlTemplate\":\"https:\\\/\\\/detta.ch\\\/?s={search_term_string}\"},\"query-input\":{\"@type\":\"PropertyValueSpecification\",\"valueRequired\":true,\"valueName\":\"search_term_string\"}}],\"inLanguage\":\"en-US\"}]}<\/script>\n<!-- \/ Yoast SEO plugin. -->","yoast_head_json":{"title":"GTC - Detta Ferienwohnungen Zermatt, Chalet, appartements","robots":{"index":"index","follow":"follow","max-snippet":"max-snippet:-1","max-image-preview":"max-image-preview:large","max-video-preview":"max-video-preview:-1"},"canonical":"https:\/\/detta.ch\/en\/general-terms-conditions\/","og_locale":"en_US","og_type":"article","og_title":"GTC - Detta Ferienwohnungen Zermatt, Chalet, appartements","og_description":"General terms an conditions \/ Impressum \/ Datenschutzerkl\u00e4rung Impressum Responsible for the content of the website:Familie\u00a0Regula Detta-Julen\u00a0Lauberweg 84\u00a03920 Zermatt\u00a0Switzerland\u00a0Telefon +41 (0)78 652 20 05\u00a0www.detta.ch Website:mohnrot Webdesign und GrafikKantonsstrasse 133930 VispTelefon 027 945 12 26www.mohnrot.ch AGB`s Stornierung von Buchungen:Stornierungen bis zu 30 Tage vor Anreise sind kostenlos.Bei Stornierungen unter 30 Tage vor Anreise sowie Nichtanreisen (no [&hellip;]","og_url":"https:\/\/detta.ch\/en\/general-terms-conditions\/","og_site_name":"Detta Ferienwohnungen Zermatt, Chalet, appartements","article_modified_time":"2023-07-13T06:58:33+00:00","twitter_card":"summary_large_image","twitter_misc":{"Est. reading time":"4 minutes"},"schema":{"@context":"https:\/\/schema.org","@graph":[{"@type":"WebPage","@id":"https:\/\/detta.ch\/en\/general-terms-conditions\/","url":"https:\/\/detta.ch\/en\/general-terms-conditions\/","name":"GTC - Detta Ferienwohnungen Zermatt, Chalet, appartements","isPartOf":{"@id":"https:\/\/detta.ch\/#website"},"datePublished":"2018-01-08T11:11:45+00:00","dateModified":"2023-07-13T06:58:33+00:00","breadcrumb":{"@id":"https:\/\/detta.ch\/en\/general-terms-conditions\/#breadcrumb"},"inLanguage":"en-US","potentialAction":[{"@type":"ReadAction","target":["https:\/\/detta.ch\/en\/general-terms-conditions\/"]}]},{"@type":"BreadcrumbList","@id":"https:\/\/detta.ch\/en\/general-terms-conditions\/#breadcrumb","itemListElement":[{"@type":"ListItem","position":1,"name":"Startseite","item":"https:\/\/detta.ch\/en\/"},{"@type":"ListItem","position":2,"name":"GTC"}]},{"@type":"WebSite","@id":"https:\/\/detta.ch\/#website","url":"https:\/\/detta.ch\/","name":"Detta Ferienwohnungen Zermatt, Chalet, appartements","description":"Ferienwohnungen Zermatt","potentialAction":[{"@type":"SearchAction","target":{"@type":"EntryPoint","urlTemplate":"https:\/\/detta.ch\/?s={search_term_string}"},"query-input":{"@type":"PropertyValueSpecification","valueRequired":true,"valueName":"search_term_string"}}],"inLanguage":"en-US"}]}},"_links":{"self":[{"href":"https:\/\/www.detta.ch\/en\/wp-json\/wp\/v2\/pages\/1638","targetHints":{"allow":["GET"]}}],"collection":[{"href":"https:\/\/www.detta.ch\/en\/wp-json\/wp\/v2\/pages"}],"about":[{"href":"https:\/\/www.detta.ch\/en\/wp-json\/wp\/v2\/types\/page"}],"author":[{"embeddable":true,"href":"https:\/\/www.detta.ch\/en\/wp-json\/wp\/v2\/users\/2"}],"replies":[{"embeddable":true,"href":"https:\/\/www.detta.ch\/en\/wp-json\/wp\/v2\/comments?post=1638"}],"version-history":[{"count":2,"href":"https:\/\/www.detta.ch\/en\/wp-json\/wp\/v2\/pages\/1638\/revisions"}],"predecessor-version":[{"id":3164,"href":"https:\/\/www.detta.ch\/en\/wp-json\/wp\/v2\/pages\/1638\/revisions\/3164"}],"wp:attachment":[{"href":"https:\/\/www.detta.ch\/en\/wp-json\/wp\/v2\/media?parent=1638"}],"curies":[{"name":"wp","href":"https:\/\/api.w.org\/{rel}","templated":true}]}}