{"id":188,"date":"2013-10-01T10:55:12","date_gmt":"2013-10-01T08:55:12","guid":{"rendered":"http:\/\/detta.ch\/?page_id=188"},"modified":"2016-08-25T21:48:45","modified_gmt":"2016-08-25T19:48:45","slug":"188-2","status":"publish","type":"page","link":"https:\/\/www.detta.ch\/fr\/chalet-ruth-2\/188-2\/","title":{"rendered":"Chalet Ruth"},"content":{"rendered":"<p>Joli Chalet situ\u00e9 \u00e0 Findeln en montagne, avec vue imprenable sur le Cervin. Il est situ\u00e9 pr\u00e8s des chemins et des pistes de ski. En \u00e9t\u00e9, en 20 minutes \u00e0 pied on relie Sunnegga \u00e0 Findeln. En hiver on skie pr\u00e8s du Chalet et du t\u00e9l\u00e9si\u00e8ge de Findeln. Lit d&rsquo;enfant disponible sur demande.<\/p>\n","protected":false},"excerpt":{"rendered":"<p>Joli Chalet situ\u00e9 \u00e0 Findeln en montagne, avec vue imprenable sur le Cervin. Il est situ\u00e9 pr\u00e8s des chemins et des pistes de ski. En \u00e9t\u00e9, en 20 minutes \u00e0 pied on relie Sunnegga \u00e0 Findeln. En hiver on skie pr\u00e8s du Chalet et du t\u00e9l\u00e9si\u00e8ge de Findeln. Lit d&rsquo;enfant disponible sur demande.<\/p>\n","protected":false},"author":2,"featured_media":1505,"parent":180,"menu_order":0,"comment_status":"open","ping_status":"open","template":"","meta":{"_acf_changed":false,"footnotes":""},"class_list":["post-188","page","type-page","status-publish","has-post-thumbnail","hentry"],"acf":[],"yoast_head":"<!-- This site is optimized with the Yoast SEO plugin v27.4 - https:\/\/yoast.com\/product\/yoast-seo-wordpress\/ -->\n<title>Chalet Ruth - Detta Ferienwohnungen Zermatt, Chalet, appartements<\/title>\n<meta name=\"robots\" content=\"index, follow, max-snippet:-1, max-image-preview:large, max-video-preview:-1\" \/>\n<link rel=\"canonical\" href=\"https:\/\/detta.ch\/fr\/chalet-ruth-2\/188-2\/\" \/>\n<meta property=\"og:locale\" content=\"fr_FR\" \/>\n<meta property=\"og:type\" content=\"article\" \/>\n<meta property=\"og:title\" content=\"Chalet Ruth - Detta Ferienwohnungen Zermatt, Chalet, appartements\" \/>\n<meta property=\"og:description\" content=\"Joli Chalet situ\u00e9 \u00e0 Findeln en montagne, avec vue imprenable sur le Cervin. Il est situ\u00e9 pr\u00e8s des chemins et des pistes de ski. En \u00e9t\u00e9, en 20 minutes \u00e0 pied on relie Sunnegga \u00e0 Findeln. En hiver on skie pr\u00e8s du Chalet et du t\u00e9l\u00e9si\u00e8ge de Findeln. Lit d&rsquo;enfant disponible sur demande.\" \/>\n<meta property=\"og:url\" content=\"https:\/\/detta.ch\/fr\/chalet-ruth-2\/188-2\/\" \/>\n<meta property=\"og:site_name\" content=\"Detta Ferienwohnungen Zermatt, Chalet, appartements\" \/>\n<meta property=\"article:modified_time\" content=\"2016-08-25T19:48:45+00:00\" \/>\n<meta property=\"og:image\" content=\"https:\/\/detta.ch\/wp-content\/uploads\/chalet-ruth-web-001-2-e1472154506820.jpg\" \/>\n\t<meta property=\"og:image:width\" content=\"370\" \/>\n\t<meta property=\"og:image:height\" content=\"246\" \/>\n\t<meta property=\"og:image:type\" content=\"image\/jpeg\" \/>\n<meta name=\"twitter:card\" content=\"summary_large_image\" \/>\n<script type=\"application\/ld+json\" class=\"yoast-schema-graph\">{\"@context\":\"https:\\\/\\\/schema.org\",\"@graph\":[{\"@type\":\"WebPage\",\"@id\":\"https:\\\/\\\/detta.ch\\\/fr\\\/chalet-ruth-2\\\/188-2\\\/\",\"url\":\"https:\\\/\\\/detta.ch\\\/fr\\\/chalet-ruth-2\\\/188-2\\\/\",\"name\":\"Chalet Ruth - Detta Ferienwohnungen Zermatt, Chalet, appartements\",\"isPartOf\":{\"@id\":\"https:\\\/\\\/detta.ch\\\/#website\"},\"primaryImageOfPage\":{\"@id\":\"https:\\\/\\\/detta.ch\\\/fr\\\/chalet-ruth-2\\\/188-2\\\/#primaryimage\"},\"image\":{\"@id\":\"https:\\\/\\\/detta.ch\\\/fr\\\/chalet-ruth-2\\\/188-2\\\/#primaryimage\"},\"thumbnailUrl\":\"https:\\\/\\\/www.detta.ch\\\/wp-content\\\/uploads\\\/chalet-ruth-web-001-2-e1472154506820.jpg\",\"datePublished\":\"2013-10-01T08:55:12+00:00\",\"dateModified\":\"2016-08-25T19:48:45+00:00\",\"breadcrumb\":{\"@id\":\"https:\\\/\\\/detta.ch\\\/fr\\\/chalet-ruth-2\\\/188-2\\\/#breadcrumb\"},\"inLanguage\":\"fr-FR\",\"potentialAction\":[{\"@type\":\"ReadAction\",\"target\":[\"https:\\\/\\\/detta.ch\\\/fr\\\/chalet-ruth-2\\\/188-2\\\/\"]}]},{\"@type\":\"ImageObject\",\"inLanguage\":\"fr-FR\",\"@id\":\"https:\\\/\\\/detta.ch\\\/fr\\\/chalet-ruth-2\\\/188-2\\\/#primaryimage\",\"url\":\"https:\\\/\\\/www.detta.ch\\\/wp-content\\\/uploads\\\/chalet-ruth-web-001-2-e1472154506820.jpg\",\"contentUrl\":\"https:\\\/\\\/www.detta.ch\\\/wp-content\\\/uploads\\\/chalet-ruth-web-001-2-e1472154506820.jpg\",\"width\":370,\"height\":246},{\"@type\":\"BreadcrumbList\",\"@id\":\"https:\\\/\\\/detta.ch\\\/fr\\\/chalet-ruth-2\\\/188-2\\\/#breadcrumb\",\"itemListElement\":[{\"@type\":\"ListItem\",\"position\":1,\"name\":\"Startseite\",\"item\":\"https:\\\/\\\/detta.ch\\\/fr\\\/\"},{\"@type\":\"ListItem\",\"position\":2,\"name\":\"Chalet Ruth\",\"item\":\"https:\\\/\\\/detta.ch\\\/fr\\\/chalet-ruth-2\\\/\"},{\"@type\":\"ListItem\",\"position\":3,\"name\":\"Chalet Ruth\"}]},{\"@type\":\"WebSite\",\"@id\":\"https:\\\/\\\/detta.ch\\\/#website\",\"url\":\"https:\\\/\\\/detta.ch\\\/\",\"name\":\"Detta Ferienwohnungen Zermatt, Chalet, appartements\",\"description\":\"Ferienwohnungen Zermatt\",\"potentialAction\":[{\"@type\":\"SearchAction\",\"target\":{\"@type\":\"EntryPoint\",\"urlTemplate\":\"https:\\\/\\\/detta.ch\\\/?s={search_term_string}\"},\"query-input\":{\"@type\":\"PropertyValueSpecification\",\"valueRequired\":true,\"valueName\":\"search_term_string\"}}],\"inLanguage\":\"fr-FR\"}]}<\/script>\n<!-- \/ Yoast SEO plugin. -->","yoast_head_json":{"title":"Chalet Ruth - Detta Ferienwohnungen Zermatt, Chalet, appartements","robots":{"index":"index","follow":"follow","max-snippet":"max-snippet:-1","max-image-preview":"max-image-preview:large","max-video-preview":"max-video-preview:-1"},"canonical":"https:\/\/detta.ch\/fr\/chalet-ruth-2\/188-2\/","og_locale":"fr_FR","og_type":"article","og_title":"Chalet Ruth - Detta Ferienwohnungen Zermatt, Chalet, appartements","og_description":"Joli Chalet situ\u00e9 \u00e0 Findeln en montagne, avec vue imprenable sur le Cervin. Il est situ\u00e9 pr\u00e8s des chemins et des pistes de ski. En \u00e9t\u00e9, en 20 minutes \u00e0 pied on relie Sunnegga \u00e0 Findeln. En hiver on skie pr\u00e8s du Chalet et du t\u00e9l\u00e9si\u00e8ge de Findeln. Lit d&rsquo;enfant disponible sur demande.","og_url":"https:\/\/detta.ch\/fr\/chalet-ruth-2\/188-2\/","og_site_name":"Detta Ferienwohnungen Zermatt, Chalet, appartements","article_modified_time":"2016-08-25T19:48:45+00:00","og_image":[{"width":370,"height":246,"url":"https:\/\/detta.ch\/wp-content\/uploads\/chalet-ruth-web-001-2-e1472154506820.jpg","type":"image\/jpeg"}],"twitter_card":"summary_large_image","schema":{"@context":"https:\/\/schema.org","@graph":[{"@type":"WebPage","@id":"https:\/\/detta.ch\/fr\/chalet-ruth-2\/188-2\/","url":"https:\/\/detta.ch\/fr\/chalet-ruth-2\/188-2\/","name":"Chalet Ruth - Detta Ferienwohnungen Zermatt, Chalet, appartements","isPartOf":{"@id":"https:\/\/detta.ch\/#website"},"primaryImageOfPage":{"@id":"https:\/\/detta.ch\/fr\/chalet-ruth-2\/188-2\/#primaryimage"},"image":{"@id":"https:\/\/detta.ch\/fr\/chalet-ruth-2\/188-2\/#primaryimage"},"thumbnailUrl":"https:\/\/www.detta.ch\/wp-content\/uploads\/chalet-ruth-web-001-2-e1472154506820.jpg","datePublished":"2013-10-01T08:55:12+00:00","dateModified":"2016-08-25T19:48:45+00:00","breadcrumb":{"@id":"https:\/\/detta.ch\/fr\/chalet-ruth-2\/188-2\/#breadcrumb"},"inLanguage":"fr-FR","potentialAction":[{"@type":"ReadAction","target":["https:\/\/detta.ch\/fr\/chalet-ruth-2\/188-2\/"]}]},{"@type":"ImageObject","inLanguage":"fr-FR","@id":"https:\/\/detta.ch\/fr\/chalet-ruth-2\/188-2\/#primaryimage","url":"https:\/\/www.detta.ch\/wp-content\/uploads\/chalet-ruth-web-001-2-e1472154506820.jpg","contentUrl":"https:\/\/www.detta.ch\/wp-content\/uploads\/chalet-ruth-web-001-2-e1472154506820.jpg","width":370,"height":246},{"@type":"BreadcrumbList","@id":"https:\/\/detta.ch\/fr\/chalet-ruth-2\/188-2\/#breadcrumb","itemListElement":[{"@type":"ListItem","position":1,"name":"Startseite","item":"https:\/\/detta.ch\/fr\/"},{"@type":"ListItem","position":2,"name":"Chalet Ruth","item":"https:\/\/detta.ch\/fr\/chalet-ruth-2\/"},{"@type":"ListItem","position":3,"name":"Chalet Ruth"}]},{"@type":"WebSite","@id":"https:\/\/detta.ch\/#website","url":"https:\/\/detta.ch\/","name":"Detta Ferienwohnungen Zermatt, Chalet, appartements","description":"Ferienwohnungen Zermatt","potentialAction":[{"@type":"SearchAction","target":{"@type":"EntryPoint","urlTemplate":"https:\/\/detta.ch\/?s={search_term_string}"},"query-input":{"@type":"PropertyValueSpecification","valueRequired":true,"valueName":"search_term_string"}}],"inLanguage":"fr-FR"}]}},"_links":{"self":[{"href":"https:\/\/www.detta.ch\/fr\/wp-json\/wp\/v2\/pages\/188","targetHints":{"allow":["GET"]}}],"collection":[{"href":"https:\/\/www.detta.ch\/fr\/wp-json\/wp\/v2\/pages"}],"about":[{"href":"https:\/\/www.detta.ch\/fr\/wp-json\/wp\/v2\/types\/page"}],"author":[{"embeddable":true,"href":"https:\/\/www.detta.ch\/fr\/wp-json\/wp\/v2\/users\/2"}],"replies":[{"embeddable":true,"href":"https:\/\/www.detta.ch\/fr\/wp-json\/wp\/v2\/comments?post=188"}],"version-history":[{"count":0,"href":"https:\/\/www.detta.ch\/fr\/wp-json\/wp\/v2\/pages\/188\/revisions"}],"up":[{"embeddable":true,"href":"https:\/\/www.detta.ch\/fr\/wp-json\/wp\/v2\/pages\/180"}],"wp:featuredmedia":[{"embeddable":true,"href":"https:\/\/www.detta.ch\/fr\/wp-json\/wp\/v2\/media\/1505"}],"wp:attachment":[{"href":"https:\/\/www.detta.ch\/fr\/wp-json\/wp\/v2\/media?parent=188"}],"curies":[{"name":"wp","href":"https:\/\/api.w.org\/{rel}","templated":true}]}}