{"id":411,"date":"2013-10-01T17:27:30","date_gmt":"2013-10-01T15:27:30","guid":{"rendered":"http:\/\/detta.ch\/?page_id=411"},"modified":"2016-08-25T22:01:41","modified_gmt":"2016-08-25T20:01:41","slug":"appartement-4-pieces","status":"publish","type":"page","link":"https:\/\/www.detta.ch\/fr\/chalet-ruth-2\/appartement-4-pieces\/","title":{"rendered":"Appartement 4 pi\u00e8ces"},"content":{"rendered":"<p><strong>Appartement 4 pi\u00e8ces<\/strong><br \/>\nAppartement de 4 pi\u00e8ces pour 5 personnes.<br \/>\nCuisine aec table, four, lave vaisselle, machine \u00e0 caf\u00e9. Salon avec table pour 13 personnes, TV, chemin\u00e9e. Chambre \u00e0 3 lits, lavabo. Chambre double s\u00e9par\u00e9e. Bain\/WC\/s\u00e8che-cheveux. Balcon sud avec chaises.<\/p>\n","protected":false},"excerpt":{"rendered":"<p>Appartement 4 pi\u00e8ces Appartement de 4 pi\u00e8ces pour 5 personnes. Cuisine aec table, four, lave vaisselle, machine \u00e0 caf\u00e9. Salon avec table pour 13 personnes, TV, chemin\u00e9e. Chambre \u00e0 3 lits, lavabo. Chambre double s\u00e9par\u00e9e. Bain\/WC\/s\u00e8che-cheveux. Balcon sud avec chaises.<\/p>\n","protected":false},"author":2,"featured_media":1521,"parent":180,"menu_order":3,"comment_status":"open","ping_status":"open","template":"","meta":{"_acf_changed":false,"footnotes":""},"class_list":["post-411","page","type-page","status-publish","has-post-thumbnail","hentry"],"acf":[],"yoast_head":"<!-- This site is optimized with the Yoast SEO plugin v27.4 - https:\/\/yoast.com\/product\/yoast-seo-wordpress\/ -->\n<title>Appartement 4 pi\u00e8ces - Detta Ferienwohnungen Zermatt, Chalet, appartements<\/title>\n<meta name=\"robots\" content=\"index, follow, max-snippet:-1, max-image-preview:large, max-video-preview:-1\" \/>\n<link rel=\"canonical\" href=\"https:\/\/detta.ch\/fr\/chalet-ruth-2\/appartement-4-pieces\/\" \/>\n<meta property=\"og:locale\" content=\"fr_FR\" \/>\n<meta property=\"og:type\" content=\"article\" \/>\n<meta property=\"og:title\" content=\"Appartement 4 pi\u00e8ces - Detta Ferienwohnungen Zermatt, Chalet, appartements\" \/>\n<meta property=\"og:description\" content=\"Appartement 4 pi\u00e8ces Appartement de 4 pi\u00e8ces pour 5 personnes. Cuisine aec table, four, lave vaisselle, machine \u00e0 caf\u00e9. Salon avec table pour 13 personnes, TV, chemin\u00e9e. Chambre \u00e0 3 lits, lavabo. Chambre double s\u00e9par\u00e9e. Bain\/WC\/s\u00e8che-cheveux. Balcon sud avec chaises.\" \/>\n<meta property=\"og:url\" content=\"https:\/\/detta.ch\/fr\/chalet-ruth-2\/appartement-4-pieces\/\" \/>\n<meta property=\"og:site_name\" content=\"Detta Ferienwohnungen Zermatt, Chalet, appartements\" \/>\n<meta property=\"article:modified_time\" content=\"2016-08-25T20:01:41+00:00\" \/>\n<meta property=\"og:image\" content=\"https:\/\/detta.ch\/wp-content\/uploads\/chalet-ruth-web-010-1-e1472155262758.jpg\" \/>\n\t<meta property=\"og:image:width\" content=\"370\" \/>\n\t<meta property=\"og:image:height\" content=\"246\" \/>\n\t<meta property=\"og:image:type\" content=\"image\/jpeg\" \/>\n<meta name=\"twitter:card\" content=\"summary_large_image\" \/>\n<script type=\"application\/ld+json\" class=\"yoast-schema-graph\">{\"@context\":\"https:\\\/\\\/schema.org\",\"@graph\":[{\"@type\":\"WebPage\",\"@id\":\"https:\\\/\\\/detta.ch\\\/fr\\\/chalet-ruth-2\\\/appartement-4-pieces\\\/\",\"url\":\"https:\\\/\\\/detta.ch\\\/fr\\\/chalet-ruth-2\\\/appartement-4-pieces\\\/\",\"name\":\"Appartement 4 pi\u00e8ces - Detta Ferienwohnungen Zermatt, Chalet, appartements\",\"isPartOf\":{\"@id\":\"https:\\\/\\\/detta.ch\\\/#website\"},\"primaryImageOfPage\":{\"@id\":\"https:\\\/\\\/detta.ch\\\/fr\\\/chalet-ruth-2\\\/appartement-4-pieces\\\/#primaryimage\"},\"image\":{\"@id\":\"https:\\\/\\\/detta.ch\\\/fr\\\/chalet-ruth-2\\\/appartement-4-pieces\\\/#primaryimage\"},\"thumbnailUrl\":\"https:\\\/\\\/www.detta.ch\\\/wp-content\\\/uploads\\\/chalet-ruth-web-010-1-e1472155262758.jpg\",\"datePublished\":\"2013-10-01T15:27:30+00:00\",\"dateModified\":\"2016-08-25T20:01:41+00:00\",\"breadcrumb\":{\"@id\":\"https:\\\/\\\/detta.ch\\\/fr\\\/chalet-ruth-2\\\/appartement-4-pieces\\\/#breadcrumb\"},\"inLanguage\":\"fr-FR\",\"potentialAction\":[{\"@type\":\"ReadAction\",\"target\":[\"https:\\\/\\\/detta.ch\\\/fr\\\/chalet-ruth-2\\\/appartement-4-pieces\\\/\"]}]},{\"@type\":\"ImageObject\",\"inLanguage\":\"fr-FR\",\"@id\":\"https:\\\/\\\/detta.ch\\\/fr\\\/chalet-ruth-2\\\/appartement-4-pieces\\\/#primaryimage\",\"url\":\"https:\\\/\\\/www.detta.ch\\\/wp-content\\\/uploads\\\/chalet-ruth-web-010-1-e1472155262758.jpg\",\"contentUrl\":\"https:\\\/\\\/www.detta.ch\\\/wp-content\\\/uploads\\\/chalet-ruth-web-010-1-e1472155262758.jpg\",\"width\":370,\"height\":246,\"caption\":\"Ferienwohnung mieten Zermatt\"},{\"@type\":\"BreadcrumbList\",\"@id\":\"https:\\\/\\\/detta.ch\\\/fr\\\/chalet-ruth-2\\\/appartement-4-pieces\\\/#breadcrumb\",\"itemListElement\":[{\"@type\":\"ListItem\",\"position\":1,\"name\":\"Startseite\",\"item\":\"https:\\\/\\\/detta.ch\\\/fr\\\/\"},{\"@type\":\"ListItem\",\"position\":2,\"name\":\"Chalet Ruth\",\"item\":\"https:\\\/\\\/detta.ch\\\/fr\\\/chalet-ruth-2\\\/\"},{\"@type\":\"ListItem\",\"position\":3,\"name\":\"Appartement 4 pi\u00e8ces\"}]},{\"@type\":\"WebSite\",\"@id\":\"https:\\\/\\\/detta.ch\\\/#website\",\"url\":\"https:\\\/\\\/detta.ch\\\/\",\"name\":\"Detta Ferienwohnungen Zermatt, Chalet, appartements\",\"description\":\"Ferienwohnungen Zermatt\",\"potentialAction\":[{\"@type\":\"SearchAction\",\"target\":{\"@type\":\"EntryPoint\",\"urlTemplate\":\"https:\\\/\\\/detta.ch\\\/?s={search_term_string}\"},\"query-input\":{\"@type\":\"PropertyValueSpecification\",\"valueRequired\":true,\"valueName\":\"search_term_string\"}}],\"inLanguage\":\"fr-FR\"}]}<\/script>\n<!-- \/ Yoast SEO plugin. -->","yoast_head_json":{"title":"Appartement 4 pi\u00e8ces - Detta Ferienwohnungen Zermatt, Chalet, appartements","robots":{"index":"index","follow":"follow","max-snippet":"max-snippet:-1","max-image-preview":"max-image-preview:large","max-video-preview":"max-video-preview:-1"},"canonical":"https:\/\/detta.ch\/fr\/chalet-ruth-2\/appartement-4-pieces\/","og_locale":"fr_FR","og_type":"article","og_title":"Appartement 4 pi\u00e8ces - Detta Ferienwohnungen Zermatt, Chalet, appartements","og_description":"Appartement 4 pi\u00e8ces Appartement de 4 pi\u00e8ces pour 5 personnes. Cuisine aec table, four, lave vaisselle, machine \u00e0 caf\u00e9. Salon avec table pour 13 personnes, TV, chemin\u00e9e. Chambre \u00e0 3 lits, lavabo. Chambre double s\u00e9par\u00e9e. Bain\/WC\/s\u00e8che-cheveux. Balcon sud avec chaises.","og_url":"https:\/\/detta.ch\/fr\/chalet-ruth-2\/appartement-4-pieces\/","og_site_name":"Detta Ferienwohnungen Zermatt, Chalet, appartements","article_modified_time":"2016-08-25T20:01:41+00:00","og_image":[{"width":370,"height":246,"url":"https:\/\/detta.ch\/wp-content\/uploads\/chalet-ruth-web-010-1-e1472155262758.jpg","type":"image\/jpeg"}],"twitter_card":"summary_large_image","schema":{"@context":"https:\/\/schema.org","@graph":[{"@type":"WebPage","@id":"https:\/\/detta.ch\/fr\/chalet-ruth-2\/appartement-4-pieces\/","url":"https:\/\/detta.ch\/fr\/chalet-ruth-2\/appartement-4-pieces\/","name":"Appartement 4 pi\u00e8ces - Detta Ferienwohnungen Zermatt, Chalet, appartements","isPartOf":{"@id":"https:\/\/detta.ch\/#website"},"primaryImageOfPage":{"@id":"https:\/\/detta.ch\/fr\/chalet-ruth-2\/appartement-4-pieces\/#primaryimage"},"image":{"@id":"https:\/\/detta.ch\/fr\/chalet-ruth-2\/appartement-4-pieces\/#primaryimage"},"thumbnailUrl":"https:\/\/www.detta.ch\/wp-content\/uploads\/chalet-ruth-web-010-1-e1472155262758.jpg","datePublished":"2013-10-01T15:27:30+00:00","dateModified":"2016-08-25T20:01:41+00:00","breadcrumb":{"@id":"https:\/\/detta.ch\/fr\/chalet-ruth-2\/appartement-4-pieces\/#breadcrumb"},"inLanguage":"fr-FR","potentialAction":[{"@type":"ReadAction","target":["https:\/\/detta.ch\/fr\/chalet-ruth-2\/appartement-4-pieces\/"]}]},{"@type":"ImageObject","inLanguage":"fr-FR","@id":"https:\/\/detta.ch\/fr\/chalet-ruth-2\/appartement-4-pieces\/#primaryimage","url":"https:\/\/www.detta.ch\/wp-content\/uploads\/chalet-ruth-web-010-1-e1472155262758.jpg","contentUrl":"https:\/\/www.detta.ch\/wp-content\/uploads\/chalet-ruth-web-010-1-e1472155262758.jpg","width":370,"height":246,"caption":"Ferienwohnung mieten Zermatt"},{"@type":"BreadcrumbList","@id":"https:\/\/detta.ch\/fr\/chalet-ruth-2\/appartement-4-pieces\/#breadcrumb","itemListElement":[{"@type":"ListItem","position":1,"name":"Startseite","item":"https:\/\/detta.ch\/fr\/"},{"@type":"ListItem","position":2,"name":"Chalet Ruth","item":"https:\/\/detta.ch\/fr\/chalet-ruth-2\/"},{"@type":"ListItem","position":3,"name":"Appartement 4 pi\u00e8ces"}]},{"@type":"WebSite","@id":"https:\/\/detta.ch\/#website","url":"https:\/\/detta.ch\/","name":"Detta Ferienwohnungen Zermatt, Chalet, appartements","description":"Ferienwohnungen Zermatt","potentialAction":[{"@type":"SearchAction","target":{"@type":"EntryPoint","urlTemplate":"https:\/\/detta.ch\/?s={search_term_string}"},"query-input":{"@type":"PropertyValueSpecification","valueRequired":true,"valueName":"search_term_string"}}],"inLanguage":"fr-FR"}]}},"_links":{"self":[{"href":"https:\/\/www.detta.ch\/fr\/wp-json\/wp\/v2\/pages\/411","targetHints":{"allow":["GET"]}}],"collection":[{"href":"https:\/\/www.detta.ch\/fr\/wp-json\/wp\/v2\/pages"}],"about":[{"href":"https:\/\/www.detta.ch\/fr\/wp-json\/wp\/v2\/types\/page"}],"author":[{"embeddable":true,"href":"https:\/\/www.detta.ch\/fr\/wp-json\/wp\/v2\/users\/2"}],"replies":[{"embeddable":true,"href":"https:\/\/www.detta.ch\/fr\/wp-json\/wp\/v2\/comments?post=411"}],"version-history":[{"count":0,"href":"https:\/\/www.detta.ch\/fr\/wp-json\/wp\/v2\/pages\/411\/revisions"}],"up":[{"embeddable":true,"href":"https:\/\/www.detta.ch\/fr\/wp-json\/wp\/v2\/pages\/180"}],"wp:featuredmedia":[{"embeddable":true,"href":"https:\/\/www.detta.ch\/fr\/wp-json\/wp\/v2\/media\/1521"}],"wp:attachment":[{"href":"https:\/\/www.detta.ch\/fr\/wp-json\/wp\/v2\/media?parent=411"}],"curies":[{"name":"wp","href":"https:\/\/api.w.org\/{rel}","templated":true}]}}