{"id":417,"date":"2013-10-01T17:27:52","date_gmt":"2013-10-01T15:27:52","guid":{"rendered":"http:\/\/detta.ch\/?page_id=417"},"modified":"2024-03-20T12:09:28","modified_gmt":"2024-03-20T10:09:28","slug":"liste-des-prix","status":"publish","type":"page","link":"https:\/\/www.detta.ch\/fr\/chalet-ruth-2\/liste-des-prix\/","title":{"rendered":"Liste des prix"},"content":{"rendered":"\n<p><strong>Liste des prix 2022\/2023<\/strong><\/p>\n\n\n\n<figure class=\"wp-block-table\"><table><tbody><tr><td><strong>Chalet Ruth<\/strong><\/td><td><strong>Studios<\/strong><\/td><td><strong>3 pi\u00e8ces<\/strong><\/td><td><strong>4 pi\u00e8ces<\/strong><\/td><\/tr><tr><td><\/td><td>Plain terrain, 2 lits<\/td><td>Mansarde, 4 lits<\/td><td>1 \u00c9tage, 5 lits<\/td><\/tr><tr><td>01.12.2022 au 06.01.2023<\/td><td>100.\u2013<\/td><td>200.\u2013<\/td><td>245.-<\/td><\/tr><tr><td>07.01.2023 au 27.01.2023<\/td><td>80.\u2013<\/td><td>160.\u2013<\/td><td>205.-<\/td><\/tr><tr><td>29.01.2022 au 24.04.2022<\/td><td>90.\u2013<\/td><td>180.\u2013<\/td><td>220.-<\/td><\/tr><tr><td>21.05.2022 au 15.10.2022<\/td><td>80.\u2013<\/td><td>130.\u2013<\/td><td>160.-<\/td><\/tr><\/tbody><\/table><\/figure>\n\n\n\n<p>Tous les prix en CHF. Les prix sont inclus le nettoyage finale, le linge pour les lits, cuisine et bain.<br>R\u00e9servation dans la haute station hivernal est normalement de samedi \u00e0 samedi.<\/p>\n\n\n\n<p>regula@detta.ch<\/p>\n\n\n\n<p>0041 (0)78 652 20 05<\/p>\n\n\n\n<p class=\"has-text-align-right\"><a href=\"http:\/\/detta.ch\/wp-content\/uploads\/AGB.pdf\" target=\"_blank\" rel=\"noopener noreferrer\">Conditions g\u00e9n\u00e9rales (PDF)<\/a><\/p>\n","protected":false},"excerpt":{"rendered":"<p>Liste des prix 2022\/2023 Chalet Ruth Studios 3 pi\u00e8ces 4 pi\u00e8ces Plain terrain, 2 lits Mansarde, 4 lits 1 \u00c9tage, 5 lits 01.12.2022 au 06.01.2023 100.\u2013 200.\u2013 245.- 07.01.2023 au 27.01.2023 80.\u2013 160.\u2013 205.- 29.01.2022 au 24.04.2022 90.\u2013 180.\u2013 220.- 21.05.2022 au 15.10.2022 80.\u2013 130.\u2013 160.- Tous les prix en CHF. Les prix sont inclus [&hellip;]<\/p>\n","protected":false},"author":2,"featured_media":0,"parent":180,"menu_order":4,"comment_status":"open","ping_status":"open","template":"page-fullwidth.php","meta":{"_acf_changed":false,"footnotes":""},"class_list":["post-417","page","type-page","status-publish","hentry"],"acf":[],"yoast_head":"<!-- This site is optimized with the Yoast SEO plugin v27.4 - https:\/\/yoast.com\/product\/yoast-seo-wordpress\/ -->\n<title>Liste des prix - Detta Ferienwohnungen Zermatt, Chalet, appartements<\/title>\n<meta name=\"robots\" content=\"index, follow, max-snippet:-1, max-image-preview:large, max-video-preview:-1\" \/>\n<link rel=\"canonical\" href=\"https:\/\/detta.ch\/fr\/chalet-ruth-2\/liste-des-prix\/\" \/>\n<meta property=\"og:locale\" content=\"fr_FR\" \/>\n<meta property=\"og:type\" content=\"article\" \/>\n<meta property=\"og:title\" content=\"Liste des prix - Detta Ferienwohnungen Zermatt, Chalet, appartements\" \/>\n<meta property=\"og:description\" content=\"Liste des prix 2022\/2023 Chalet Ruth Studios 3 pi\u00e8ces 4 pi\u00e8ces Plain terrain, 2 lits Mansarde, 4 lits 1 \u00c9tage, 5 lits 01.12.2022 au 06.01.2023 100.\u2013 200.\u2013 245.- 07.01.2023 au 27.01.2023 80.\u2013 160.\u2013 205.- 29.01.2022 au 24.04.2022 90.\u2013 180.\u2013 220.- 21.05.2022 au 15.10.2022 80.\u2013 130.\u2013 160.- Tous les prix en CHF. Les prix sont inclus [&hellip;]\" \/>\n<meta property=\"og:url\" content=\"https:\/\/detta.ch\/fr\/chalet-ruth-2\/liste-des-prix\/\" \/>\n<meta property=\"og:site_name\" content=\"Detta Ferienwohnungen Zermatt, Chalet, appartements\" \/>\n<meta property=\"article:modified_time\" content=\"2024-03-20T10:09:28+00:00\" \/>\n<meta name=\"twitter:card\" content=\"summary_large_image\" \/>\n<meta name=\"twitter:label1\" content=\"Dur\u00e9e de lecture estim\u00e9e\" \/>\n\t<meta name=\"twitter:data1\" content=\"1 minute\" \/>\n<script type=\"application\/ld+json\" class=\"yoast-schema-graph\">{\"@context\":\"https:\\\/\\\/schema.org\",\"@graph\":[{\"@type\":\"WebPage\",\"@id\":\"https:\\\/\\\/detta.ch\\\/fr\\\/chalet-ruth-2\\\/liste-des-prix\\\/\",\"url\":\"https:\\\/\\\/detta.ch\\\/fr\\\/chalet-ruth-2\\\/liste-des-prix\\\/\",\"name\":\"Liste des prix - Detta Ferienwohnungen Zermatt, Chalet, appartements\",\"isPartOf\":{\"@id\":\"https:\\\/\\\/detta.ch\\\/#website\"},\"datePublished\":\"2013-10-01T15:27:52+00:00\",\"dateModified\":\"2024-03-20T10:09:28+00:00\",\"breadcrumb\":{\"@id\":\"https:\\\/\\\/detta.ch\\\/fr\\\/chalet-ruth-2\\\/liste-des-prix\\\/#breadcrumb\"},\"inLanguage\":\"fr-FR\",\"potentialAction\":[{\"@type\":\"ReadAction\",\"target\":[\"https:\\\/\\\/detta.ch\\\/fr\\\/chalet-ruth-2\\\/liste-des-prix\\\/\"]}]},{\"@type\":\"BreadcrumbList\",\"@id\":\"https:\\\/\\\/detta.ch\\\/fr\\\/chalet-ruth-2\\\/liste-des-prix\\\/#breadcrumb\",\"itemListElement\":[{\"@type\":\"ListItem\",\"position\":1,\"name\":\"Startseite\",\"item\":\"https:\\\/\\\/detta.ch\\\/fr\\\/\"},{\"@type\":\"ListItem\",\"position\":2,\"name\":\"Chalet Ruth\",\"item\":\"https:\\\/\\\/detta.ch\\\/fr\\\/chalet-ruth-2\\\/\"},{\"@type\":\"ListItem\",\"position\":3,\"name\":\"Liste des prix\"}]},{\"@type\":\"WebSite\",\"@id\":\"https:\\\/\\\/detta.ch\\\/#website\",\"url\":\"https:\\\/\\\/detta.ch\\\/\",\"name\":\"Detta Ferienwohnungen Zermatt, Chalet, appartements\",\"description\":\"Ferienwohnungen Zermatt\",\"potentialAction\":[{\"@type\":\"SearchAction\",\"target\":{\"@type\":\"EntryPoint\",\"urlTemplate\":\"https:\\\/\\\/detta.ch\\\/?s={search_term_string}\"},\"query-input\":{\"@type\":\"PropertyValueSpecification\",\"valueRequired\":true,\"valueName\":\"search_term_string\"}}],\"inLanguage\":\"fr-FR\"}]}<\/script>\n<!-- \/ Yoast SEO plugin. -->","yoast_head_json":{"title":"Liste des prix - Detta Ferienwohnungen Zermatt, Chalet, appartements","robots":{"index":"index","follow":"follow","max-snippet":"max-snippet:-1","max-image-preview":"max-image-preview:large","max-video-preview":"max-video-preview:-1"},"canonical":"https:\/\/detta.ch\/fr\/chalet-ruth-2\/liste-des-prix\/","og_locale":"fr_FR","og_type":"article","og_title":"Liste des prix - Detta Ferienwohnungen Zermatt, Chalet, appartements","og_description":"Liste des prix 2022\/2023 Chalet Ruth Studios 3 pi\u00e8ces 4 pi\u00e8ces Plain terrain, 2 lits Mansarde, 4 lits 1 \u00c9tage, 5 lits 01.12.2022 au 06.01.2023 100.\u2013 200.\u2013 245.- 07.01.2023 au 27.01.2023 80.\u2013 160.\u2013 205.- 29.01.2022 au 24.04.2022 90.\u2013 180.\u2013 220.- 21.05.2022 au 15.10.2022 80.\u2013 130.\u2013 160.- Tous les prix en CHF. Les prix sont inclus [&hellip;]","og_url":"https:\/\/detta.ch\/fr\/chalet-ruth-2\/liste-des-prix\/","og_site_name":"Detta Ferienwohnungen Zermatt, Chalet, appartements","article_modified_time":"2024-03-20T10:09:28+00:00","twitter_card":"summary_large_image","twitter_misc":{"Dur\u00e9e de lecture estim\u00e9e":"1 minute"},"schema":{"@context":"https:\/\/schema.org","@graph":[{"@type":"WebPage","@id":"https:\/\/detta.ch\/fr\/chalet-ruth-2\/liste-des-prix\/","url":"https:\/\/detta.ch\/fr\/chalet-ruth-2\/liste-des-prix\/","name":"Liste des prix - Detta Ferienwohnungen Zermatt, Chalet, appartements","isPartOf":{"@id":"https:\/\/detta.ch\/#website"},"datePublished":"2013-10-01T15:27:52+00:00","dateModified":"2024-03-20T10:09:28+00:00","breadcrumb":{"@id":"https:\/\/detta.ch\/fr\/chalet-ruth-2\/liste-des-prix\/#breadcrumb"},"inLanguage":"fr-FR","potentialAction":[{"@type":"ReadAction","target":["https:\/\/detta.ch\/fr\/chalet-ruth-2\/liste-des-prix\/"]}]},{"@type":"BreadcrumbList","@id":"https:\/\/detta.ch\/fr\/chalet-ruth-2\/liste-des-prix\/#breadcrumb","itemListElement":[{"@type":"ListItem","position":1,"name":"Startseite","item":"https:\/\/detta.ch\/fr\/"},{"@type":"ListItem","position":2,"name":"Chalet Ruth","item":"https:\/\/detta.ch\/fr\/chalet-ruth-2\/"},{"@type":"ListItem","position":3,"name":"Liste des prix"}]},{"@type":"WebSite","@id":"https:\/\/detta.ch\/#website","url":"https:\/\/detta.ch\/","name":"Detta Ferienwohnungen Zermatt, Chalet, appartements","description":"Ferienwohnungen Zermatt","potentialAction":[{"@type":"SearchAction","target":{"@type":"EntryPoint","urlTemplate":"https:\/\/detta.ch\/?s={search_term_string}"},"query-input":{"@type":"PropertyValueSpecification","valueRequired":true,"valueName":"search_term_string"}}],"inLanguage":"fr-FR"}]}},"_links":{"self":[{"href":"https:\/\/www.detta.ch\/fr\/wp-json\/wp\/v2\/pages\/417","targetHints":{"allow":["GET"]}}],"collection":[{"href":"https:\/\/www.detta.ch\/fr\/wp-json\/wp\/v2\/pages"}],"about":[{"href":"https:\/\/www.detta.ch\/fr\/wp-json\/wp\/v2\/types\/page"}],"author":[{"embeddable":true,"href":"https:\/\/www.detta.ch\/fr\/wp-json\/wp\/v2\/users\/2"}],"replies":[{"embeddable":true,"href":"https:\/\/www.detta.ch\/fr\/wp-json\/wp\/v2\/comments?post=417"}],"version-history":[{"count":6,"href":"https:\/\/www.detta.ch\/fr\/wp-json\/wp\/v2\/pages\/417\/revisions"}],"predecessor-version":[{"id":3476,"href":"https:\/\/www.detta.ch\/fr\/wp-json\/wp\/v2\/pages\/417\/revisions\/3476"}],"up":[{"embeddable":true,"href":"https:\/\/www.detta.ch\/fr\/wp-json\/wp\/v2\/pages\/180"}],"wp:attachment":[{"href":"https:\/\/www.detta.ch\/fr\/wp-json\/wp\/v2\/media?parent=417"}],"curies":[{"name":"wp","href":"https:\/\/api.w.org\/{rel}","templated":true}]}}