{"id":431,"date":"2013-10-01T17:35:51","date_gmt":"2013-10-01T15:35:51","guid":{"rendered":"http:\/\/detta.ch\/?page_id=431"},"modified":"2016-06-17T19:58:15","modified_gmt":"2016-06-17T17:58:15","slug":"haus-aura","status":"publish","type":"page","link":"https:\/\/www.detta.ch\/fr\/aura\/haus-aura\/","title":{"rendered":"Haus Aura"},"content":{"rendered":"<p>Haus Aura est situ\u00e9e dans le quartier calme d&rsquo;Oberdorf. C&rsquo;est \u00e0 5 minutes \u00e0 pied des remont\u00e9es m\u00e9caniques Matterhorn, de l&rsquo;arr\u00eat de bus et du centre de Zermatt. Dans la maison Aura, il y un ascenseur, un ski-room avec s\u00e9choir pour les chaussures. Possibilit\u00e9 d&rsquo;avoir un lit de b\u00e9b\u00e9, une chaise haute et un lit suppl\u00e9mentaire sur demande. Vous pouvez emprunter un chariot pour les achats et des luges. Lingerie avec machine \u00e0 laver, s\u00e9choir, planche et fer \u00e0 repasser \u00e0 disposition.<\/p>\n","protected":false},"excerpt":{"rendered":"<p>Haus Aura est situ\u00e9e dans le quartier calme d&rsquo;Oberdorf. C&rsquo;est \u00e0 5 minutes \u00e0 pied des remont\u00e9es m\u00e9caniques Matterhorn, de l&rsquo;arr\u00eat de bus et du centre de Zermatt. Dans la maison Aura, il y un ascenseur, un ski-room avec s\u00e9choir pour les chaussures. Possibilit\u00e9 d&rsquo;avoir un lit de b\u00e9b\u00e9, une chaise haute et un lit [&hellip;]<\/p>\n","protected":false},"author":2,"featured_media":432,"parent":169,"menu_order":0,"comment_status":"open","ping_status":"open","template":"","meta":{"_acf_changed":false,"footnotes":""},"class_list":["post-431","page","type-page","status-publish","has-post-thumbnail","hentry"],"acf":[],"yoast_head":"<!-- This site is optimized with the Yoast SEO plugin v27.4 - https:\/\/yoast.com\/product\/yoast-seo-wordpress\/ -->\n<title>Haus Aura - Detta Ferienwohnungen Zermatt, Chalet, appartements<\/title>\n<meta name=\"robots\" content=\"index, follow, max-snippet:-1, max-image-preview:large, max-video-preview:-1\" \/>\n<link rel=\"canonical\" href=\"https:\/\/detta.ch\/fr\/aura\/haus-aura\/\" \/>\n<meta property=\"og:locale\" content=\"fr_FR\" \/>\n<meta property=\"og:type\" content=\"article\" \/>\n<meta property=\"og:title\" content=\"Haus Aura - Detta Ferienwohnungen Zermatt, Chalet, appartements\" \/>\n<meta property=\"og:description\" content=\"Haus Aura est situ\u00e9e dans le quartier calme d&rsquo;Oberdorf. C&rsquo;est \u00e0 5 minutes \u00e0 pied des remont\u00e9es m\u00e9caniques Matterhorn, de l&rsquo;arr\u00eat de bus et du centre de Zermatt. Dans la maison Aura, il y un ascenseur, un ski-room avec s\u00e9choir pour les chaussures. Possibilit\u00e9 d&rsquo;avoir un lit de b\u00e9b\u00e9, une chaise haute et un lit [&hellip;]\" \/>\n<meta property=\"og:url\" content=\"https:\/\/detta.ch\/fr\/aura\/haus-aura\/\" \/>\n<meta property=\"og:site_name\" content=\"Detta Ferienwohnungen Zermatt, Chalet, appartements\" \/>\n<meta property=\"article:modified_time\" content=\"2016-06-17T17:58:15+00:00\" \/>\n<meta property=\"og:image\" content=\"https:\/\/detta.ch\/wp-content\/uploads\/aura1.jpg\" \/>\n\t<meta property=\"og:image:width\" content=\"370\" \/>\n\t<meta property=\"og:image:height\" content=\"265\" \/>\n\t<meta property=\"og:image:type\" content=\"image\/jpeg\" \/>\n<meta name=\"twitter:card\" content=\"summary_large_image\" \/>\n<script type=\"application\/ld+json\" class=\"yoast-schema-graph\">{\"@context\":\"https:\\\/\\\/schema.org\",\"@graph\":[{\"@type\":\"WebPage\",\"@id\":\"https:\\\/\\\/detta.ch\\\/fr\\\/aura\\\/haus-aura\\\/\",\"url\":\"https:\\\/\\\/detta.ch\\\/fr\\\/aura\\\/haus-aura\\\/\",\"name\":\"Haus Aura - Detta Ferienwohnungen Zermatt, Chalet, appartements\",\"isPartOf\":{\"@id\":\"https:\\\/\\\/detta.ch\\\/#website\"},\"primaryImageOfPage\":{\"@id\":\"https:\\\/\\\/detta.ch\\\/fr\\\/aura\\\/haus-aura\\\/#primaryimage\"},\"image\":{\"@id\":\"https:\\\/\\\/detta.ch\\\/fr\\\/aura\\\/haus-aura\\\/#primaryimage\"},\"thumbnailUrl\":\"https:\\\/\\\/www.detta.ch\\\/wp-content\\\/uploads\\\/aura1.jpg\",\"datePublished\":\"2013-10-01T15:35:51+00:00\",\"dateModified\":\"2016-06-17T17:58:15+00:00\",\"breadcrumb\":{\"@id\":\"https:\\\/\\\/detta.ch\\\/fr\\\/aura\\\/haus-aura\\\/#breadcrumb\"},\"inLanguage\":\"fr-FR\",\"potentialAction\":[{\"@type\":\"ReadAction\",\"target\":[\"https:\\\/\\\/detta.ch\\\/fr\\\/aura\\\/haus-aura\\\/\"]}]},{\"@type\":\"ImageObject\",\"inLanguage\":\"fr-FR\",\"@id\":\"https:\\\/\\\/detta.ch\\\/fr\\\/aura\\\/haus-aura\\\/#primaryimage\",\"url\":\"https:\\\/\\\/www.detta.ch\\\/wp-content\\\/uploads\\\/aura1.jpg\",\"contentUrl\":\"https:\\\/\\\/www.detta.ch\\\/wp-content\\\/uploads\\\/aura1.jpg\",\"width\":370,\"height\":265,\"caption\":\"Ferienwohnung Zermatt\"},{\"@type\":\"BreadcrumbList\",\"@id\":\"https:\\\/\\\/detta.ch\\\/fr\\\/aura\\\/haus-aura\\\/#breadcrumb\",\"itemListElement\":[{\"@type\":\"ListItem\",\"position\":1,\"name\":\"Startseite\",\"item\":\"https:\\\/\\\/detta.ch\\\/fr\\\/\"},{\"@type\":\"ListItem\",\"position\":2,\"name\":\"Haus Aura\",\"item\":\"https:\\\/\\\/detta.ch\\\/fr\\\/aura\\\/\"},{\"@type\":\"ListItem\",\"position\":3,\"name\":\"Haus Aura\"}]},{\"@type\":\"WebSite\",\"@id\":\"https:\\\/\\\/detta.ch\\\/#website\",\"url\":\"https:\\\/\\\/detta.ch\\\/\",\"name\":\"Detta Ferienwohnungen Zermatt, Chalet, appartements\",\"description\":\"Ferienwohnungen Zermatt\",\"potentialAction\":[{\"@type\":\"SearchAction\",\"target\":{\"@type\":\"EntryPoint\",\"urlTemplate\":\"https:\\\/\\\/detta.ch\\\/?s={search_term_string}\"},\"query-input\":{\"@type\":\"PropertyValueSpecification\",\"valueRequired\":true,\"valueName\":\"search_term_string\"}}],\"inLanguage\":\"fr-FR\"}]}<\/script>\n<!-- \/ Yoast SEO plugin. -->","yoast_head_json":{"title":"Haus Aura - Detta Ferienwohnungen Zermatt, Chalet, appartements","robots":{"index":"index","follow":"follow","max-snippet":"max-snippet:-1","max-image-preview":"max-image-preview:large","max-video-preview":"max-video-preview:-1"},"canonical":"https:\/\/detta.ch\/fr\/aura\/haus-aura\/","og_locale":"fr_FR","og_type":"article","og_title":"Haus Aura - Detta Ferienwohnungen Zermatt, Chalet, appartements","og_description":"Haus Aura est situ\u00e9e dans le quartier calme d&rsquo;Oberdorf. C&rsquo;est \u00e0 5 minutes \u00e0 pied des remont\u00e9es m\u00e9caniques Matterhorn, de l&rsquo;arr\u00eat de bus et du centre de Zermatt. Dans la maison Aura, il y un ascenseur, un ski-room avec s\u00e9choir pour les chaussures. Possibilit\u00e9 d&rsquo;avoir un lit de b\u00e9b\u00e9, une chaise haute et un lit [&hellip;]","og_url":"https:\/\/detta.ch\/fr\/aura\/haus-aura\/","og_site_name":"Detta Ferienwohnungen Zermatt, Chalet, appartements","article_modified_time":"2016-06-17T17:58:15+00:00","og_image":[{"width":370,"height":265,"url":"https:\/\/detta.ch\/wp-content\/uploads\/aura1.jpg","type":"image\/jpeg"}],"twitter_card":"summary_large_image","schema":{"@context":"https:\/\/schema.org","@graph":[{"@type":"WebPage","@id":"https:\/\/detta.ch\/fr\/aura\/haus-aura\/","url":"https:\/\/detta.ch\/fr\/aura\/haus-aura\/","name":"Haus Aura - Detta Ferienwohnungen Zermatt, Chalet, appartements","isPartOf":{"@id":"https:\/\/detta.ch\/#website"},"primaryImageOfPage":{"@id":"https:\/\/detta.ch\/fr\/aura\/haus-aura\/#primaryimage"},"image":{"@id":"https:\/\/detta.ch\/fr\/aura\/haus-aura\/#primaryimage"},"thumbnailUrl":"https:\/\/www.detta.ch\/wp-content\/uploads\/aura1.jpg","datePublished":"2013-10-01T15:35:51+00:00","dateModified":"2016-06-17T17:58:15+00:00","breadcrumb":{"@id":"https:\/\/detta.ch\/fr\/aura\/haus-aura\/#breadcrumb"},"inLanguage":"fr-FR","potentialAction":[{"@type":"ReadAction","target":["https:\/\/detta.ch\/fr\/aura\/haus-aura\/"]}]},{"@type":"ImageObject","inLanguage":"fr-FR","@id":"https:\/\/detta.ch\/fr\/aura\/haus-aura\/#primaryimage","url":"https:\/\/www.detta.ch\/wp-content\/uploads\/aura1.jpg","contentUrl":"https:\/\/www.detta.ch\/wp-content\/uploads\/aura1.jpg","width":370,"height":265,"caption":"Ferienwohnung Zermatt"},{"@type":"BreadcrumbList","@id":"https:\/\/detta.ch\/fr\/aura\/haus-aura\/#breadcrumb","itemListElement":[{"@type":"ListItem","position":1,"name":"Startseite","item":"https:\/\/detta.ch\/fr\/"},{"@type":"ListItem","position":2,"name":"Haus Aura","item":"https:\/\/detta.ch\/fr\/aura\/"},{"@type":"ListItem","position":3,"name":"Haus Aura"}]},{"@type":"WebSite","@id":"https:\/\/detta.ch\/#website","url":"https:\/\/detta.ch\/","name":"Detta Ferienwohnungen Zermatt, Chalet, appartements","description":"Ferienwohnungen Zermatt","potentialAction":[{"@type":"SearchAction","target":{"@type":"EntryPoint","urlTemplate":"https:\/\/detta.ch\/?s={search_term_string}"},"query-input":{"@type":"PropertyValueSpecification","valueRequired":true,"valueName":"search_term_string"}}],"inLanguage":"fr-FR"}]}},"_links":{"self":[{"href":"https:\/\/www.detta.ch\/fr\/wp-json\/wp\/v2\/pages\/431","targetHints":{"allow":["GET"]}}],"collection":[{"href":"https:\/\/www.detta.ch\/fr\/wp-json\/wp\/v2\/pages"}],"about":[{"href":"https:\/\/www.detta.ch\/fr\/wp-json\/wp\/v2\/types\/page"}],"author":[{"embeddable":true,"href":"https:\/\/www.detta.ch\/fr\/wp-json\/wp\/v2\/users\/2"}],"replies":[{"embeddable":true,"href":"https:\/\/www.detta.ch\/fr\/wp-json\/wp\/v2\/comments?post=431"}],"version-history":[{"count":0,"href":"https:\/\/www.detta.ch\/fr\/wp-json\/wp\/v2\/pages\/431\/revisions"}],"up":[{"embeddable":true,"href":"https:\/\/www.detta.ch\/fr\/wp-json\/wp\/v2\/pages\/169"}],"wp:featuredmedia":[{"embeddable":true,"href":"https:\/\/www.detta.ch\/fr\/wp-json\/wp\/v2\/media\/432"}],"wp:attachment":[{"href":"https:\/\/www.detta.ch\/fr\/wp-json\/wp\/v2\/media?parent=431"}],"curies":[{"name":"wp","href":"https:\/\/api.w.org\/{rel}","templated":true}]}}