{"id":443,"date":"2013-10-01T17:38:52","date_gmt":"2013-10-01T15:38:52","guid":{"rendered":"http:\/\/detta.ch\/?page_id=443"},"modified":"2024-03-01T12:05:50","modified_gmt":"2024-03-01T10:05:50","slug":"appartement-3-12-pieces","status":"publish","type":"page","link":"https:\/\/www.detta.ch\/fr\/aura\/appartement-3-12-pieces\/","title":{"rendered":"Appartement 3 1\/2 pi\u00e8ces"},"content":{"rendered":"\n<p><strong>Appartement 3 1\/2 pces<\/strong>.<br>Appartement mansard\u00e9, spacieux de 95m2, pour 4-6 personnes avec vue sur le Cervin. 1 chambre avec un lit double, lavabo et balcon nord. 1 chambre avec deux lits et lavabo,2 lits suppl\u00e9mentaire. S\u00e9jour, chemin\u00e9e, TV c\u00e2bl\u00e9e, radio, t\u00e9l\u00e9phone, DVD, wireless. Grande cuisine moderne, \u00e9quip\u00e9e d&rsquo;un lave-vaisselle, four \u00e0 micro ondes, four et machine \u00e0 capsule de caf\u00e9 Delizio. Salle de bain\/WC\/s\u00e8checheveux. Balcon sud avec chaises.<\/p>\n","protected":false},"excerpt":{"rendered":"<p>Appartement 3 1\/2 pces.Appartement mansard\u00e9, spacieux de 95m2, pour 4-6 personnes avec vue sur le Cervin. 1 chambre avec un lit double, lavabo et balcon nord. 1 chambre avec deux lits et lavabo,2 lits suppl\u00e9mentaire. S\u00e9jour, chemin\u00e9e, TV c\u00e2bl\u00e9e, radio, t\u00e9l\u00e9phone, DVD, wireless. Grande cuisine moderne, \u00e9quip\u00e9e d&rsquo;un lave-vaisselle, four \u00e0 micro ondes, four et [&hellip;]<\/p>\n","protected":false},"author":2,"featured_media":1344,"parent":169,"menu_order":4,"comment_status":"open","ping_status":"open","template":"","meta":{"_acf_changed":false,"footnotes":""},"class_list":["post-443","page","type-page","status-publish","has-post-thumbnail","hentry"],"acf":[],"yoast_head":"<!-- This site is optimized with the Yoast SEO plugin v27.4 - https:\/\/yoast.com\/product\/yoast-seo-wordpress\/ -->\n<title>Appartement 3 1\/2 pi\u00e8ces - Detta Ferienwohnungen Zermatt, Chalet, appartements<\/title>\n<meta name=\"robots\" content=\"index, follow, max-snippet:-1, max-image-preview:large, max-video-preview:-1\" \/>\n<link rel=\"canonical\" href=\"https:\/\/www.detta.ch\/fr\/aura\/appartement-3-12-pieces\/\" \/>\n<meta property=\"og:locale\" content=\"fr_FR\" \/>\n<meta property=\"og:type\" content=\"article\" \/>\n<meta property=\"og:title\" content=\"Appartement 3 1\/2 pi\u00e8ces - Detta Ferienwohnungen Zermatt, Chalet, appartements\" \/>\n<meta property=\"og:description\" content=\"Appartement 3 1\/2 pces.Appartement mansard\u00e9, spacieux de 95m2, pour 4-6 personnes avec vue sur le Cervin. 1 chambre avec un lit double, lavabo et balcon nord. 1 chambre avec deux lits et lavabo,2 lits suppl\u00e9mentaire. S\u00e9jour, chemin\u00e9e, TV c\u00e2bl\u00e9e, radio, t\u00e9l\u00e9phone, DVD, wireless. Grande cuisine moderne, \u00e9quip\u00e9e d&rsquo;un lave-vaisselle, four \u00e0 micro ondes, four et [&hellip;]\" \/>\n<meta property=\"og:url\" content=\"https:\/\/www.detta.ch\/fr\/aura\/appartement-3-12-pieces\/\" \/>\n<meta property=\"og:site_name\" content=\"Detta Ferienwohnungen Zermatt, Chalet, appartements\" \/>\n<meta property=\"article:modified_time\" content=\"2024-03-01T10:05:50+00:00\" \/>\n<meta property=\"og:image\" content=\"https:\/\/www.detta.ch\/wp-content\/uploads\/aura-web-0121-1024x681-2.jpg\" \/>\n\t<meta property=\"og:image:width\" content=\"1024\" \/>\n\t<meta property=\"og:image:height\" content=\"681\" \/>\n\t<meta property=\"og:image:type\" content=\"image\/jpeg\" \/>\n<meta name=\"twitter:card\" content=\"summary_large_image\" \/>\n<meta name=\"twitter:label1\" content=\"Dur\u00e9e de lecture estim\u00e9e\" \/>\n\t<meta name=\"twitter:data1\" content=\"1 minute\" \/>\n<script type=\"application\/ld+json\" class=\"yoast-schema-graph\">{\"@context\":\"https:\\\/\\\/schema.org\",\"@graph\":[{\"@type\":\"WebPage\",\"@id\":\"https:\\\/\\\/www.detta.ch\\\/fr\\\/aura\\\/appartement-3-12-pieces\\\/\",\"url\":\"https:\\\/\\\/www.detta.ch\\\/fr\\\/aura\\\/appartement-3-12-pieces\\\/\",\"name\":\"Appartement 3 1\\\/2 pi\u00e8ces - Detta Ferienwohnungen Zermatt, Chalet, appartements\",\"isPartOf\":{\"@id\":\"https:\\\/\\\/detta.ch\\\/#website\"},\"primaryImageOfPage\":{\"@id\":\"https:\\\/\\\/www.detta.ch\\\/fr\\\/aura\\\/appartement-3-12-pieces\\\/#primaryimage\"},\"image\":{\"@id\":\"https:\\\/\\\/www.detta.ch\\\/fr\\\/aura\\\/appartement-3-12-pieces\\\/#primaryimage\"},\"thumbnailUrl\":\"https:\\\/\\\/www.detta.ch\\\/wp-content\\\/uploads\\\/aura-web-0121-1024x681-2.jpg\",\"datePublished\":\"2013-10-01T15:38:52+00:00\",\"dateModified\":\"2024-03-01T10:05:50+00:00\",\"breadcrumb\":{\"@id\":\"https:\\\/\\\/www.detta.ch\\\/fr\\\/aura\\\/appartement-3-12-pieces\\\/#breadcrumb\"},\"inLanguage\":\"fr-FR\",\"potentialAction\":[{\"@type\":\"ReadAction\",\"target\":[\"https:\\\/\\\/www.detta.ch\\\/fr\\\/aura\\\/appartement-3-12-pieces\\\/\"]}]},{\"@type\":\"ImageObject\",\"inLanguage\":\"fr-FR\",\"@id\":\"https:\\\/\\\/www.detta.ch\\\/fr\\\/aura\\\/appartement-3-12-pieces\\\/#primaryimage\",\"url\":\"https:\\\/\\\/www.detta.ch\\\/wp-content\\\/uploads\\\/aura-web-0121-1024x681-2.jpg\",\"contentUrl\":\"https:\\\/\\\/www.detta.ch\\\/wp-content\\\/uploads\\\/aura-web-0121-1024x681-2.jpg\",\"width\":1024,\"height\":681,\"caption\":\"Ferienwohnung in Zermatt\"},{\"@type\":\"BreadcrumbList\",\"@id\":\"https:\\\/\\\/www.detta.ch\\\/fr\\\/aura\\\/appartement-3-12-pieces\\\/#breadcrumb\",\"itemListElement\":[{\"@type\":\"ListItem\",\"position\":1,\"name\":\"Startseite\",\"item\":\"https:\\\/\\\/detta.ch\\\/fr\\\/\"},{\"@type\":\"ListItem\",\"position\":2,\"name\":\"Haus Aura\",\"item\":\"https:\\\/\\\/detta.ch\\\/fr\\\/aura\\\/\"},{\"@type\":\"ListItem\",\"position\":3,\"name\":\"Appartement 3 1\\\/2 pi\u00e8ces\"}]},{\"@type\":\"WebSite\",\"@id\":\"https:\\\/\\\/detta.ch\\\/#website\",\"url\":\"https:\\\/\\\/detta.ch\\\/\",\"name\":\"Detta Ferienwohnungen Zermatt, Chalet, appartements\",\"description\":\"Ferienwohnungen Zermatt\",\"potentialAction\":[{\"@type\":\"SearchAction\",\"target\":{\"@type\":\"EntryPoint\",\"urlTemplate\":\"https:\\\/\\\/detta.ch\\\/?s={search_term_string}\"},\"query-input\":{\"@type\":\"PropertyValueSpecification\",\"valueRequired\":true,\"valueName\":\"search_term_string\"}}],\"inLanguage\":\"fr-FR\"}]}<\/script>\n<!-- \/ Yoast SEO plugin. -->","yoast_head_json":{"title":"Appartement 3 1\/2 pi\u00e8ces - Detta Ferienwohnungen Zermatt, Chalet, appartements","robots":{"index":"index","follow":"follow","max-snippet":"max-snippet:-1","max-image-preview":"max-image-preview:large","max-video-preview":"max-video-preview:-1"},"canonical":"https:\/\/www.detta.ch\/fr\/aura\/appartement-3-12-pieces\/","og_locale":"fr_FR","og_type":"article","og_title":"Appartement 3 1\/2 pi\u00e8ces - Detta Ferienwohnungen Zermatt, Chalet, appartements","og_description":"Appartement 3 1\/2 pces.Appartement mansard\u00e9, spacieux de 95m2, pour 4-6 personnes avec vue sur le Cervin. 1 chambre avec un lit double, lavabo et balcon nord. 1 chambre avec deux lits et lavabo,2 lits suppl\u00e9mentaire. S\u00e9jour, chemin\u00e9e, TV c\u00e2bl\u00e9e, radio, t\u00e9l\u00e9phone, DVD, wireless. Grande cuisine moderne, \u00e9quip\u00e9e d&rsquo;un lave-vaisselle, four \u00e0 micro ondes, four et [&hellip;]","og_url":"https:\/\/www.detta.ch\/fr\/aura\/appartement-3-12-pieces\/","og_site_name":"Detta Ferienwohnungen Zermatt, Chalet, appartements","article_modified_time":"2024-03-01T10:05:50+00:00","og_image":[{"width":1024,"height":681,"url":"https:\/\/www.detta.ch\/wp-content\/uploads\/aura-web-0121-1024x681-2.jpg","type":"image\/jpeg"}],"twitter_card":"summary_large_image","twitter_misc":{"Dur\u00e9e de lecture estim\u00e9e":"1 minute"},"schema":{"@context":"https:\/\/schema.org","@graph":[{"@type":"WebPage","@id":"https:\/\/www.detta.ch\/fr\/aura\/appartement-3-12-pieces\/","url":"https:\/\/www.detta.ch\/fr\/aura\/appartement-3-12-pieces\/","name":"Appartement 3 1\/2 pi\u00e8ces - Detta Ferienwohnungen Zermatt, Chalet, appartements","isPartOf":{"@id":"https:\/\/detta.ch\/#website"},"primaryImageOfPage":{"@id":"https:\/\/www.detta.ch\/fr\/aura\/appartement-3-12-pieces\/#primaryimage"},"image":{"@id":"https:\/\/www.detta.ch\/fr\/aura\/appartement-3-12-pieces\/#primaryimage"},"thumbnailUrl":"https:\/\/www.detta.ch\/wp-content\/uploads\/aura-web-0121-1024x681-2.jpg","datePublished":"2013-10-01T15:38:52+00:00","dateModified":"2024-03-01T10:05:50+00:00","breadcrumb":{"@id":"https:\/\/www.detta.ch\/fr\/aura\/appartement-3-12-pieces\/#breadcrumb"},"inLanguage":"fr-FR","potentialAction":[{"@type":"ReadAction","target":["https:\/\/www.detta.ch\/fr\/aura\/appartement-3-12-pieces\/"]}]},{"@type":"ImageObject","inLanguage":"fr-FR","@id":"https:\/\/www.detta.ch\/fr\/aura\/appartement-3-12-pieces\/#primaryimage","url":"https:\/\/www.detta.ch\/wp-content\/uploads\/aura-web-0121-1024x681-2.jpg","contentUrl":"https:\/\/www.detta.ch\/wp-content\/uploads\/aura-web-0121-1024x681-2.jpg","width":1024,"height":681,"caption":"Ferienwohnung in Zermatt"},{"@type":"BreadcrumbList","@id":"https:\/\/www.detta.ch\/fr\/aura\/appartement-3-12-pieces\/#breadcrumb","itemListElement":[{"@type":"ListItem","position":1,"name":"Startseite","item":"https:\/\/detta.ch\/fr\/"},{"@type":"ListItem","position":2,"name":"Haus Aura","item":"https:\/\/detta.ch\/fr\/aura\/"},{"@type":"ListItem","position":3,"name":"Appartement 3 1\/2 pi\u00e8ces"}]},{"@type":"WebSite","@id":"https:\/\/detta.ch\/#website","url":"https:\/\/detta.ch\/","name":"Detta Ferienwohnungen Zermatt, Chalet, appartements","description":"Ferienwohnungen Zermatt","potentialAction":[{"@type":"SearchAction","target":{"@type":"EntryPoint","urlTemplate":"https:\/\/detta.ch\/?s={search_term_string}"},"query-input":{"@type":"PropertyValueSpecification","valueRequired":true,"valueName":"search_term_string"}}],"inLanguage":"fr-FR"}]}},"_links":{"self":[{"href":"https:\/\/www.detta.ch\/fr\/wp-json\/wp\/v2\/pages\/443","targetHints":{"allow":["GET"]}}],"collection":[{"href":"https:\/\/www.detta.ch\/fr\/wp-json\/wp\/v2\/pages"}],"about":[{"href":"https:\/\/www.detta.ch\/fr\/wp-json\/wp\/v2\/types\/page"}],"author":[{"embeddable":true,"href":"https:\/\/www.detta.ch\/fr\/wp-json\/wp\/v2\/users\/2"}],"replies":[{"embeddable":true,"href":"https:\/\/www.detta.ch\/fr\/wp-json\/wp\/v2\/comments?post=443"}],"version-history":[{"count":1,"href":"https:\/\/www.detta.ch\/fr\/wp-json\/wp\/v2\/pages\/443\/revisions"}],"predecessor-version":[{"id":3409,"href":"https:\/\/www.detta.ch\/fr\/wp-json\/wp\/v2\/pages\/443\/revisions\/3409"}],"up":[{"embeddable":true,"href":"https:\/\/www.detta.ch\/fr\/wp-json\/wp\/v2\/pages\/169"}],"wp:featuredmedia":[{"embeddable":true,"href":"https:\/\/www.detta.ch\/fr\/wp-json\/wp\/v2\/media\/1344"}],"wp:attachment":[{"href":"https:\/\/www.detta.ch\/fr\/wp-json\/wp\/v2\/media?parent=443"}],"curies":[{"name":"wp","href":"https:\/\/api.w.org\/{rel}","templated":true}]}}