{"id":468,"date":"2013-10-01T17:45:27","date_gmt":"2013-10-01T15:45:27","guid":{"rendered":"http:\/\/detta.ch\/?page_id=468"},"modified":"2019-12-20T10:54:31","modified_gmt":"2019-12-20T08:54:31","slug":"haus-armina","status":"publish","type":"page","link":"https:\/\/www.detta.ch\/fr\/haus-armina-2\/haus-armina\/","title":{"rendered":"Haus Armina"},"content":{"rendered":"<p>Haus Armina est situ\u00e9e dans le quartier calme d&rsquo;Oberdorf. Prendre un taxi et monter quelques escaliers pour acc\u00f6der au plus pr\u00e8s de la maison. Elle est situ\u00e9e \u00e0 minutes \u00e0 pied de la station du \u00abKlein Matterhorn\u00bb et \u00e0 2 minutes de l&rsquo;arr\u00eat du bus. L&rsquo;\u00e9glise et le centre de Zermatt, sont \u00e0 5 minutes de marche. Dans la maison Armina il y a un ascenseur, une salle de ping-pong et un ski-room. Possibilit\u00e9 d&rsquo;avoir un lit de b\u00e9b\u00e9,&nbsp; une chaise haute et deux lits suppl\u00e9mentaires sur demande. Lingerie avec machine \u00e0 laver et s\u00e9choir.<\/p>\n","protected":false},"excerpt":{"rendered":"<p>Haus Armina est situ\u00e9e dans le quartier calme d&rsquo;Oberdorf. Prendre un taxi et monter quelques escaliers pour acc\u00f6der au plus pr\u00e8s de la maison. Elle est situ\u00e9e \u00e0 minutes \u00e0 pied de la station du \u00abKlein Matterhorn\u00bb et \u00e0 2 minutes de l&rsquo;arr\u00eat du bus. L&rsquo;\u00e9glise et le centre de Zermatt, sont \u00e0 5 minutes [&hellip;]<\/p>\n","protected":false},"author":2,"featured_media":0,"parent":466,"menu_order":0,"comment_status":"open","ping_status":"open","template":"","meta":{"_acf_changed":false,"footnotes":""},"class_list":["post-468","page","type-page","status-publish","hentry"],"acf":[],"yoast_head":"<!-- This site is optimized with the Yoast SEO plugin v27.4 - https:\/\/yoast.com\/product\/yoast-seo-wordpress\/ -->\n<title>Haus Armina - Detta Ferienwohnungen Zermatt, Chalet, appartements<\/title>\n<meta name=\"robots\" content=\"index, follow, max-snippet:-1, max-image-preview:large, max-video-preview:-1\" \/>\n<link rel=\"canonical\" href=\"https:\/\/detta.ch\/fr\/haus-armina-2\/haus-armina\/\" \/>\n<meta property=\"og:locale\" content=\"fr_FR\" \/>\n<meta property=\"og:type\" content=\"article\" \/>\n<meta property=\"og:title\" content=\"Haus Armina - Detta Ferienwohnungen Zermatt, Chalet, appartements\" \/>\n<meta property=\"og:description\" content=\"Haus Armina est situ\u00e9e dans le quartier calme d&rsquo;Oberdorf. Prendre un taxi et monter quelques escaliers pour acc\u00f6der au plus pr\u00e8s de la maison. Elle est situ\u00e9e \u00e0 minutes \u00e0 pied de la station du \u00abKlein Matterhorn\u00bb et \u00e0 2 minutes de l&rsquo;arr\u00eat du bus. L&rsquo;\u00e9glise et le centre de Zermatt, sont \u00e0 5 minutes [&hellip;]\" \/>\n<meta property=\"og:url\" content=\"https:\/\/detta.ch\/fr\/haus-armina-2\/haus-armina\/\" \/>\n<meta property=\"og:site_name\" content=\"Detta Ferienwohnungen Zermatt, Chalet, appartements\" \/>\n<meta property=\"article:modified_time\" content=\"2019-12-20T08:54:31+00:00\" \/>\n<meta name=\"twitter:card\" content=\"summary_large_image\" \/>\n<script type=\"application\/ld+json\" class=\"yoast-schema-graph\">{\"@context\":\"https:\\\/\\\/schema.org\",\"@graph\":[{\"@type\":\"WebPage\",\"@id\":\"https:\\\/\\\/detta.ch\\\/fr\\\/haus-armina-2\\\/haus-armina\\\/\",\"url\":\"https:\\\/\\\/detta.ch\\\/fr\\\/haus-armina-2\\\/haus-armina\\\/\",\"name\":\"Haus Armina - Detta Ferienwohnungen Zermatt, Chalet, appartements\",\"isPartOf\":{\"@id\":\"https:\\\/\\\/detta.ch\\\/#website\"},\"datePublished\":\"2013-10-01T15:45:27+00:00\",\"dateModified\":\"2019-12-20T08:54:31+00:00\",\"breadcrumb\":{\"@id\":\"https:\\\/\\\/detta.ch\\\/fr\\\/haus-armina-2\\\/haus-armina\\\/#breadcrumb\"},\"inLanguage\":\"fr-FR\",\"potentialAction\":[{\"@type\":\"ReadAction\",\"target\":[\"https:\\\/\\\/detta.ch\\\/fr\\\/haus-armina-2\\\/haus-armina\\\/\"]}]},{\"@type\":\"BreadcrumbList\",\"@id\":\"https:\\\/\\\/detta.ch\\\/fr\\\/haus-armina-2\\\/haus-armina\\\/#breadcrumb\",\"itemListElement\":[{\"@type\":\"ListItem\",\"position\":1,\"name\":\"Startseite\",\"item\":\"https:\\\/\\\/detta.ch\\\/fr\\\/\"},{\"@type\":\"ListItem\",\"position\":2,\"name\":\"Haus Armina\",\"item\":\"https:\\\/\\\/detta.ch\\\/fr\\\/haus-armina-2\\\/\"},{\"@type\":\"ListItem\",\"position\":3,\"name\":\"Haus Armina\"}]},{\"@type\":\"WebSite\",\"@id\":\"https:\\\/\\\/detta.ch\\\/#website\",\"url\":\"https:\\\/\\\/detta.ch\\\/\",\"name\":\"Detta Ferienwohnungen Zermatt, Chalet, appartements\",\"description\":\"Ferienwohnungen Zermatt\",\"potentialAction\":[{\"@type\":\"SearchAction\",\"target\":{\"@type\":\"EntryPoint\",\"urlTemplate\":\"https:\\\/\\\/detta.ch\\\/?s={search_term_string}\"},\"query-input\":{\"@type\":\"PropertyValueSpecification\",\"valueRequired\":true,\"valueName\":\"search_term_string\"}}],\"inLanguage\":\"fr-FR\"}]}<\/script>\n<!-- \/ Yoast SEO plugin. -->","yoast_head_json":{"title":"Haus Armina - Detta Ferienwohnungen Zermatt, Chalet, appartements","robots":{"index":"index","follow":"follow","max-snippet":"max-snippet:-1","max-image-preview":"max-image-preview:large","max-video-preview":"max-video-preview:-1"},"canonical":"https:\/\/detta.ch\/fr\/haus-armina-2\/haus-armina\/","og_locale":"fr_FR","og_type":"article","og_title":"Haus Armina - Detta Ferienwohnungen Zermatt, Chalet, appartements","og_description":"Haus Armina est situ\u00e9e dans le quartier calme d&rsquo;Oberdorf. Prendre un taxi et monter quelques escaliers pour acc\u00f6der au plus pr\u00e8s de la maison. Elle est situ\u00e9e \u00e0 minutes \u00e0 pied de la station du \u00abKlein Matterhorn\u00bb et \u00e0 2 minutes de l&rsquo;arr\u00eat du bus. L&rsquo;\u00e9glise et le centre de Zermatt, sont \u00e0 5 minutes [&hellip;]","og_url":"https:\/\/detta.ch\/fr\/haus-armina-2\/haus-armina\/","og_site_name":"Detta Ferienwohnungen Zermatt, Chalet, appartements","article_modified_time":"2019-12-20T08:54:31+00:00","twitter_card":"summary_large_image","schema":{"@context":"https:\/\/schema.org","@graph":[{"@type":"WebPage","@id":"https:\/\/detta.ch\/fr\/haus-armina-2\/haus-armina\/","url":"https:\/\/detta.ch\/fr\/haus-armina-2\/haus-armina\/","name":"Haus Armina - Detta Ferienwohnungen Zermatt, Chalet, appartements","isPartOf":{"@id":"https:\/\/detta.ch\/#website"},"datePublished":"2013-10-01T15:45:27+00:00","dateModified":"2019-12-20T08:54:31+00:00","breadcrumb":{"@id":"https:\/\/detta.ch\/fr\/haus-armina-2\/haus-armina\/#breadcrumb"},"inLanguage":"fr-FR","potentialAction":[{"@type":"ReadAction","target":["https:\/\/detta.ch\/fr\/haus-armina-2\/haus-armina\/"]}]},{"@type":"BreadcrumbList","@id":"https:\/\/detta.ch\/fr\/haus-armina-2\/haus-armina\/#breadcrumb","itemListElement":[{"@type":"ListItem","position":1,"name":"Startseite","item":"https:\/\/detta.ch\/fr\/"},{"@type":"ListItem","position":2,"name":"Haus Armina","item":"https:\/\/detta.ch\/fr\/haus-armina-2\/"},{"@type":"ListItem","position":3,"name":"Haus Armina"}]},{"@type":"WebSite","@id":"https:\/\/detta.ch\/#website","url":"https:\/\/detta.ch\/","name":"Detta Ferienwohnungen Zermatt, Chalet, appartements","description":"Ferienwohnungen Zermatt","potentialAction":[{"@type":"SearchAction","target":{"@type":"EntryPoint","urlTemplate":"https:\/\/detta.ch\/?s={search_term_string}"},"query-input":{"@type":"PropertyValueSpecification","valueRequired":true,"valueName":"search_term_string"}}],"inLanguage":"fr-FR"}]}},"_links":{"self":[{"href":"https:\/\/www.detta.ch\/fr\/wp-json\/wp\/v2\/pages\/468","targetHints":{"allow":["GET"]}}],"collection":[{"href":"https:\/\/www.detta.ch\/fr\/wp-json\/wp\/v2\/pages"}],"about":[{"href":"https:\/\/www.detta.ch\/fr\/wp-json\/wp\/v2\/types\/page"}],"author":[{"embeddable":true,"href":"https:\/\/www.detta.ch\/fr\/wp-json\/wp\/v2\/users\/2"}],"replies":[{"embeddable":true,"href":"https:\/\/www.detta.ch\/fr\/wp-json\/wp\/v2\/comments?post=468"}],"version-history":[{"count":0,"href":"https:\/\/www.detta.ch\/fr\/wp-json\/wp\/v2\/pages\/468\/revisions"}],"up":[{"embeddable":true,"href":"https:\/\/www.detta.ch\/fr\/wp-json\/wp\/v2\/pages\/466"}],"wp:attachment":[{"href":"https:\/\/www.detta.ch\/fr\/wp-json\/wp\/v2\/media?parent=468"}],"curies":[{"name":"wp","href":"https:\/\/api.w.org\/{rel}","templated":true}]}}