{"id":471,"date":"2013-10-01T17:46:49","date_gmt":"2013-10-01T15:46:49","guid":{"rendered":"http:\/\/detta.ch\/?page_id=471"},"modified":"2022-02-04T21:31:50","modified_gmt":"2022-02-04T19:31:50","slug":"appartement-5-12-pieces","status":"publish","type":"page","link":"https:\/\/www.detta.ch\/fr\/haus-armina-2\/appartement-5-12-pieces\/","title":{"rendered":"Appartement 5 1\/2 pi\u00e8ces"},"content":{"rendered":"<p><strong>Appartement 5 1\/2 pi\u00e8ces<\/strong><br \/>\nSpacieux appartement mansard\u00e9 de 5 1\/2 pi\u00e8ces avec beau balcon orient\u00e9 sud et magnifique vue sur le Cervin. L&rsquo;appartement est pour 8 \u00e0 10 personnes et se compose de: Cuisine avec un bon inventaire. Equip\u00e9e d&rsquo;un lave-vaisselle, machine \u00e0 capsule de caf\u00e9 Delizio, four, four \u00e0 micro ondes, set pour la fondue. Table pour 10 personnes. Chemin\u00e9e avec une corbeille de bois. Balcon am\u00e9nag\u00e9. Salon confortable avec TV c\u00e2bl\u00e9, smart TV, wireless. Deux chambres doubles au sud, avec lavabos. Deux chambres doubles au nord. Salle de bains\/WC\/s\u00e8che-cheveux et douche\/WC\/s\u00e8che-cheveux. Le linge de lits, pour la cuisine et les salles de bains est compris.<\/p>\n","protected":false},"excerpt":{"rendered":"<p>Appartement 5 1\/2 pi\u00e8ces Spacieux appartement mansard\u00e9 de 5 1\/2 pi\u00e8ces avec beau balcon orient\u00e9 sud et magnifique vue sur le Cervin. L&rsquo;appartement est pour 8 \u00e0 10 personnes et se compose de: Cuisine avec un bon inventaire. Equip\u00e9e d&rsquo;un lave-vaisselle, machine \u00e0 capsule de caf\u00e9 Delizio, four, four \u00e0 micro ondes, set pour la [&hellip;]<\/p>\n","protected":false},"author":2,"featured_media":1170,"parent":466,"menu_order":1,"comment_status":"open","ping_status":"open","template":"","meta":{"_acf_changed":false,"footnotes":""},"class_list":["post-471","page","type-page","status-publish","has-post-thumbnail","hentry"],"acf":[],"yoast_head":"<!-- This site is optimized with the Yoast SEO plugin v27.4 - https:\/\/yoast.com\/product\/yoast-seo-wordpress\/ -->\n<title>Appartement 5 1\/2 pi\u00e8ces - Detta Ferienwohnungen Zermatt, Chalet, appartements<\/title>\n<meta name=\"robots\" content=\"index, follow, max-snippet:-1, max-image-preview:large, max-video-preview:-1\" \/>\n<link rel=\"canonical\" href=\"https:\/\/www.detta.ch\/fr\/haus-armina-2\/appartement-5-12-pieces\/\" \/>\n<meta property=\"og:locale\" content=\"fr_FR\" \/>\n<meta property=\"og:type\" content=\"article\" \/>\n<meta property=\"og:title\" content=\"Appartement 5 1\/2 pi\u00e8ces - Detta Ferienwohnungen Zermatt, Chalet, appartements\" \/>\n<meta property=\"og:description\" content=\"Appartement 5 1\/2 pi\u00e8ces Spacieux appartement mansard\u00e9 de 5 1\/2 pi\u00e8ces avec beau balcon orient\u00e9 sud et magnifique vue sur le Cervin. L&rsquo;appartement est pour 8 \u00e0 10 personnes et se compose de: Cuisine avec un bon inventaire. Equip\u00e9e d&rsquo;un lave-vaisselle, machine \u00e0 capsule de caf\u00e9 Delizio, four, four \u00e0 micro ondes, set pour la [&hellip;]\" \/>\n<meta property=\"og:url\" content=\"https:\/\/www.detta.ch\/fr\/haus-armina-2\/appartement-5-12-pieces\/\" \/>\n<meta property=\"og:site_name\" content=\"Detta Ferienwohnungen Zermatt, Chalet, appartements\" \/>\n<meta property=\"article:modified_time\" content=\"2022-02-04T19:31:50+00:00\" \/>\n<meta property=\"og:image\" content=\"https:\/\/www.detta.ch\/wp-content\/uploads\/apartment-detta-web-001-1024x6813-e1465400835830.jpg\" \/>\n\t<meta property=\"og:image:width\" content=\"800\" \/>\n\t<meta property=\"og:image:height\" content=\"532\" \/>\n\t<meta property=\"og:image:type\" content=\"image\/jpeg\" \/>\n<meta name=\"twitter:card\" content=\"summary_large_image\" \/>\n<meta name=\"twitter:label1\" content=\"Dur\u00e9e de lecture estim\u00e9e\" \/>\n\t<meta name=\"twitter:data1\" content=\"1 minute\" \/>\n<script type=\"application\/ld+json\" class=\"yoast-schema-graph\">{\"@context\":\"https:\\\/\\\/schema.org\",\"@graph\":[{\"@type\":\"WebPage\",\"@id\":\"https:\\\/\\\/www.detta.ch\\\/fr\\\/haus-armina-2\\\/appartement-5-12-pieces\\\/\",\"url\":\"https:\\\/\\\/www.detta.ch\\\/fr\\\/haus-armina-2\\\/appartement-5-12-pieces\\\/\",\"name\":\"Appartement 5 1\\\/2 pi\u00e8ces - Detta Ferienwohnungen Zermatt, Chalet, appartements\",\"isPartOf\":{\"@id\":\"https:\\\/\\\/detta.ch\\\/#website\"},\"primaryImageOfPage\":{\"@id\":\"https:\\\/\\\/www.detta.ch\\\/fr\\\/haus-armina-2\\\/appartement-5-12-pieces\\\/#primaryimage\"},\"image\":{\"@id\":\"https:\\\/\\\/www.detta.ch\\\/fr\\\/haus-armina-2\\\/appartement-5-12-pieces\\\/#primaryimage\"},\"thumbnailUrl\":\"https:\\\/\\\/www.detta.ch\\\/wp-content\\\/uploads\\\/apartment-detta-web-001-1024x6813-e1465400835830.jpg\",\"datePublished\":\"2013-10-01T15:46:49+00:00\",\"dateModified\":\"2022-02-04T19:31:50+00:00\",\"breadcrumb\":{\"@id\":\"https:\\\/\\\/www.detta.ch\\\/fr\\\/haus-armina-2\\\/appartement-5-12-pieces\\\/#breadcrumb\"},\"inLanguage\":\"fr-FR\",\"potentialAction\":[{\"@type\":\"ReadAction\",\"target\":[\"https:\\\/\\\/www.detta.ch\\\/fr\\\/haus-armina-2\\\/appartement-5-12-pieces\\\/\"]}]},{\"@type\":\"ImageObject\",\"inLanguage\":\"fr-FR\",\"@id\":\"https:\\\/\\\/www.detta.ch\\\/fr\\\/haus-armina-2\\\/appartement-5-12-pieces\\\/#primaryimage\",\"url\":\"https:\\\/\\\/www.detta.ch\\\/wp-content\\\/uploads\\\/apartment-detta-web-001-1024x6813-e1465400835830.jpg\",\"contentUrl\":\"https:\\\/\\\/www.detta.ch\\\/wp-content\\\/uploads\\\/apartment-detta-web-001-1024x6813-e1465400835830.jpg\",\"width\":800,\"height\":532},{\"@type\":\"BreadcrumbList\",\"@id\":\"https:\\\/\\\/www.detta.ch\\\/fr\\\/haus-armina-2\\\/appartement-5-12-pieces\\\/#breadcrumb\",\"itemListElement\":[{\"@type\":\"ListItem\",\"position\":1,\"name\":\"Startseite\",\"item\":\"https:\\\/\\\/detta.ch\\\/fr\\\/\"},{\"@type\":\"ListItem\",\"position\":2,\"name\":\"Haus Armina\",\"item\":\"https:\\\/\\\/detta.ch\\\/fr\\\/haus-armina-2\\\/\"},{\"@type\":\"ListItem\",\"position\":3,\"name\":\"Appartement 5 1\\\/2 pi\u00e8ces\"}]},{\"@type\":\"WebSite\",\"@id\":\"https:\\\/\\\/detta.ch\\\/#website\",\"url\":\"https:\\\/\\\/detta.ch\\\/\",\"name\":\"Detta Ferienwohnungen Zermatt, Chalet, appartements\",\"description\":\"Ferienwohnungen Zermatt\",\"potentialAction\":[{\"@type\":\"SearchAction\",\"target\":{\"@type\":\"EntryPoint\",\"urlTemplate\":\"https:\\\/\\\/detta.ch\\\/?s={search_term_string}\"},\"query-input\":{\"@type\":\"PropertyValueSpecification\",\"valueRequired\":true,\"valueName\":\"search_term_string\"}}],\"inLanguage\":\"fr-FR\"}]}<\/script>\n<!-- \/ Yoast SEO plugin. -->","yoast_head_json":{"title":"Appartement 5 1\/2 pi\u00e8ces - Detta Ferienwohnungen Zermatt, Chalet, appartements","robots":{"index":"index","follow":"follow","max-snippet":"max-snippet:-1","max-image-preview":"max-image-preview:large","max-video-preview":"max-video-preview:-1"},"canonical":"https:\/\/www.detta.ch\/fr\/haus-armina-2\/appartement-5-12-pieces\/","og_locale":"fr_FR","og_type":"article","og_title":"Appartement 5 1\/2 pi\u00e8ces - Detta Ferienwohnungen Zermatt, Chalet, appartements","og_description":"Appartement 5 1\/2 pi\u00e8ces Spacieux appartement mansard\u00e9 de 5 1\/2 pi\u00e8ces avec beau balcon orient\u00e9 sud et magnifique vue sur le Cervin. L&rsquo;appartement est pour 8 \u00e0 10 personnes et se compose de: Cuisine avec un bon inventaire. Equip\u00e9e d&rsquo;un lave-vaisselle, machine \u00e0 capsule de caf\u00e9 Delizio, four, four \u00e0 micro ondes, set pour la [&hellip;]","og_url":"https:\/\/www.detta.ch\/fr\/haus-armina-2\/appartement-5-12-pieces\/","og_site_name":"Detta Ferienwohnungen Zermatt, Chalet, appartements","article_modified_time":"2022-02-04T19:31:50+00:00","og_image":[{"width":800,"height":532,"url":"https:\/\/www.detta.ch\/wp-content\/uploads\/apartment-detta-web-001-1024x6813-e1465400835830.jpg","type":"image\/jpeg"}],"twitter_card":"summary_large_image","twitter_misc":{"Dur\u00e9e de lecture estim\u00e9e":"1 minute"},"schema":{"@context":"https:\/\/schema.org","@graph":[{"@type":"WebPage","@id":"https:\/\/www.detta.ch\/fr\/haus-armina-2\/appartement-5-12-pieces\/","url":"https:\/\/www.detta.ch\/fr\/haus-armina-2\/appartement-5-12-pieces\/","name":"Appartement 5 1\/2 pi\u00e8ces - Detta Ferienwohnungen Zermatt, Chalet, appartements","isPartOf":{"@id":"https:\/\/detta.ch\/#website"},"primaryImageOfPage":{"@id":"https:\/\/www.detta.ch\/fr\/haus-armina-2\/appartement-5-12-pieces\/#primaryimage"},"image":{"@id":"https:\/\/www.detta.ch\/fr\/haus-armina-2\/appartement-5-12-pieces\/#primaryimage"},"thumbnailUrl":"https:\/\/www.detta.ch\/wp-content\/uploads\/apartment-detta-web-001-1024x6813-e1465400835830.jpg","datePublished":"2013-10-01T15:46:49+00:00","dateModified":"2022-02-04T19:31:50+00:00","breadcrumb":{"@id":"https:\/\/www.detta.ch\/fr\/haus-armina-2\/appartement-5-12-pieces\/#breadcrumb"},"inLanguage":"fr-FR","potentialAction":[{"@type":"ReadAction","target":["https:\/\/www.detta.ch\/fr\/haus-armina-2\/appartement-5-12-pieces\/"]}]},{"@type":"ImageObject","inLanguage":"fr-FR","@id":"https:\/\/www.detta.ch\/fr\/haus-armina-2\/appartement-5-12-pieces\/#primaryimage","url":"https:\/\/www.detta.ch\/wp-content\/uploads\/apartment-detta-web-001-1024x6813-e1465400835830.jpg","contentUrl":"https:\/\/www.detta.ch\/wp-content\/uploads\/apartment-detta-web-001-1024x6813-e1465400835830.jpg","width":800,"height":532},{"@type":"BreadcrumbList","@id":"https:\/\/www.detta.ch\/fr\/haus-armina-2\/appartement-5-12-pieces\/#breadcrumb","itemListElement":[{"@type":"ListItem","position":1,"name":"Startseite","item":"https:\/\/detta.ch\/fr\/"},{"@type":"ListItem","position":2,"name":"Haus Armina","item":"https:\/\/detta.ch\/fr\/haus-armina-2\/"},{"@type":"ListItem","position":3,"name":"Appartement 5 1\/2 pi\u00e8ces"}]},{"@type":"WebSite","@id":"https:\/\/detta.ch\/#website","url":"https:\/\/detta.ch\/","name":"Detta Ferienwohnungen Zermatt, Chalet, appartements","description":"Ferienwohnungen Zermatt","potentialAction":[{"@type":"SearchAction","target":{"@type":"EntryPoint","urlTemplate":"https:\/\/detta.ch\/?s={search_term_string}"},"query-input":{"@type":"PropertyValueSpecification","valueRequired":true,"valueName":"search_term_string"}}],"inLanguage":"fr-FR"}]}},"_links":{"self":[{"href":"https:\/\/www.detta.ch\/fr\/wp-json\/wp\/v2\/pages\/471","targetHints":{"allow":["GET"]}}],"collection":[{"href":"https:\/\/www.detta.ch\/fr\/wp-json\/wp\/v2\/pages"}],"about":[{"href":"https:\/\/www.detta.ch\/fr\/wp-json\/wp\/v2\/types\/page"}],"author":[{"embeddable":true,"href":"https:\/\/www.detta.ch\/fr\/wp-json\/wp\/v2\/users\/2"}],"replies":[{"embeddable":true,"href":"https:\/\/www.detta.ch\/fr\/wp-json\/wp\/v2\/comments?post=471"}],"version-history":[{"count":1,"href":"https:\/\/www.detta.ch\/fr\/wp-json\/wp\/v2\/pages\/471\/revisions"}],"predecessor-version":[{"id":3112,"href":"https:\/\/www.detta.ch\/fr\/wp-json\/wp\/v2\/pages\/471\/revisions\/3112"}],"up":[{"embeddable":true,"href":"https:\/\/www.detta.ch\/fr\/wp-json\/wp\/v2\/pages\/466"}],"wp:featuredmedia":[{"embeddable":true,"href":"https:\/\/www.detta.ch\/fr\/wp-json\/wp\/v2\/media\/1170"}],"wp:attachment":[{"href":"https:\/\/www.detta.ch\/fr\/wp-json\/wp\/v2\/media?parent=471"}],"curies":[{"name":"wp","href":"https:\/\/api.w.org\/{rel}","templated":true}]}}