{"id":867,"date":"2015-05-20T18:49:31","date_gmt":"2015-05-20T16:49:31","guid":{"rendered":"http:\/\/detta.ch\/?page_id=867"},"modified":"2016-06-21T08:36:43","modified_gmt":"2016-06-21T06:36:43","slug":"appartement-a-4-1-pieces","status":"publish","type":"page","link":"https:\/\/www.detta.ch\/fr\/haus-powder-snow\/appartement-a-4-1-pieces\/","title":{"rendered":"Appartement de 4 1\/2 pi\u00e8ces"},"content":{"rendered":"<p>Appartement \u00e0 4 1\/2 pi\u00e8ces de 120 m2 grandeur et und merveilleux vue sur le cervin et le village, pour 7 &#8211; 9 personnes. Grand salon avec chemin\u00e9e, TV c\u00e2bl\u00e9e, DVD, Wireless. Balcon Sud avec table et chaises.<br \/>\nCuisine moderne avec bon inventaire, lave-vaisselle, machine \u00e0 caf\u00e9, steamer, etc.<br \/>\nWC \/ double bain, double lavabos, s\u00e8che-cheveux<br \/>\nWC\/douche hydro massage, double lavabos, s\u00e8che-cheveux.<br \/>\nDeux chambres avec balcon et i-pod radio. Une chambre triple avec balcon.<br \/>\n2 lits suppl\u00e9mentaires et lit-b\u00e9b\u00e9 et chaise-b\u00e9b\u00e9 sur demande.<br \/>\nAscenseur, ski-room, machine \u00e0 laver \u00e0 la maison<\/p>\n","protected":false},"excerpt":{"rendered":"<p>Appartement \u00e0 4 1\/2 pi\u00e8ces de 120 m2 grandeur et und merveilleux vue sur le cervin et le village, pour 7 &#8211; 9 personnes. Grand salon avec chemin\u00e9e, TV c\u00e2bl\u00e9e, DVD, Wireless. Balcon Sud avec table et chaises. Cuisine moderne avec bon inventaire, lave-vaisselle, machine \u00e0 caf\u00e9, steamer, etc. WC \/ double bain, double lavabos, [&hellip;]<\/p>\n","protected":false},"author":2,"featured_media":1416,"parent":780,"menu_order":1,"comment_status":"open","ping_status":"open","template":"","meta":{"_acf_changed":false,"footnotes":""},"class_list":["post-867","page","type-page","status-publish","has-post-thumbnail","hentry"],"acf":[],"yoast_head":"<!-- This site is optimized with the Yoast SEO plugin v27.4 - https:\/\/yoast.com\/product\/yoast-seo-wordpress\/ -->\n<title>Appartement de 4 1\/2 pi\u00e8ces - Detta Ferienwohnungen Zermatt, Chalet, appartements<\/title>\n<meta name=\"robots\" content=\"index, follow, max-snippet:-1, max-image-preview:large, max-video-preview:-1\" \/>\n<link rel=\"canonical\" href=\"https:\/\/detta.ch\/fr\/haus-powder-snow\/appartement-a-4-1-pieces\/\" \/>\n<meta property=\"og:locale\" content=\"fr_FR\" \/>\n<meta property=\"og:type\" content=\"article\" \/>\n<meta property=\"og:title\" content=\"Appartement de 4 1\/2 pi\u00e8ces - Detta Ferienwohnungen Zermatt, Chalet, appartements\" \/>\n<meta property=\"og:description\" content=\"Appartement \u00e0 4 1\/2 pi\u00e8ces de 120 m2 grandeur et und merveilleux vue sur le cervin et le village, pour 7 &#8211; 9 personnes. Grand salon avec chemin\u00e9e, TV c\u00e2bl\u00e9e, DVD, Wireless. Balcon Sud avec table et chaises. Cuisine moderne avec bon inventaire, lave-vaisselle, machine \u00e0 caf\u00e9, steamer, etc. WC \/ double bain, double lavabos, [&hellip;]\" \/>\n<meta property=\"og:url\" content=\"https:\/\/detta.ch\/fr\/haus-powder-snow\/appartement-a-4-1-pieces\/\" \/>\n<meta property=\"og:site_name\" content=\"Detta Ferienwohnungen Zermatt, Chalet, appartements\" \/>\n<meta property=\"article:modified_time\" content=\"2016-06-21T06:36:43+00:00\" \/>\n<meta property=\"og:image\" content=\"https:\/\/detta.ch\/wp-content\/uploads\/TDS000200104732976913-1-2.jpg\" \/>\n\t<meta property=\"og:image:width\" content=\"567\" \/>\n\t<meta property=\"og:image:height\" content=\"377\" \/>\n\t<meta property=\"og:image:type\" content=\"image\/jpeg\" \/>\n<meta name=\"twitter:card\" content=\"summary_large_image\" \/>\n<script type=\"application\/ld+json\" class=\"yoast-schema-graph\">{\"@context\":\"https:\\\/\\\/schema.org\",\"@graph\":[{\"@type\":\"WebPage\",\"@id\":\"https:\\\/\\\/detta.ch\\\/fr\\\/haus-powder-snow\\\/appartement-a-4-1-pieces\\\/\",\"url\":\"https:\\\/\\\/detta.ch\\\/fr\\\/haus-powder-snow\\\/appartement-a-4-1-pieces\\\/\",\"name\":\"Appartement de 4 1\\\/2 pi\u00e8ces - Detta Ferienwohnungen Zermatt, Chalet, appartements\",\"isPartOf\":{\"@id\":\"https:\\\/\\\/detta.ch\\\/#website\"},\"primaryImageOfPage\":{\"@id\":\"https:\\\/\\\/detta.ch\\\/fr\\\/haus-powder-snow\\\/appartement-a-4-1-pieces\\\/#primaryimage\"},\"image\":{\"@id\":\"https:\\\/\\\/detta.ch\\\/fr\\\/haus-powder-snow\\\/appartement-a-4-1-pieces\\\/#primaryimage\"},\"thumbnailUrl\":\"https:\\\/\\\/www.detta.ch\\\/wp-content\\\/uploads\\\/TDS000200104732976913-1-2.jpg\",\"datePublished\":\"2015-05-20T16:49:31+00:00\",\"dateModified\":\"2016-06-21T06:36:43+00:00\",\"breadcrumb\":{\"@id\":\"https:\\\/\\\/detta.ch\\\/fr\\\/haus-powder-snow\\\/appartement-a-4-1-pieces\\\/#breadcrumb\"},\"inLanguage\":\"fr-FR\",\"potentialAction\":[{\"@type\":\"ReadAction\",\"target\":[\"https:\\\/\\\/detta.ch\\\/fr\\\/haus-powder-snow\\\/appartement-a-4-1-pieces\\\/\"]}]},{\"@type\":\"ImageObject\",\"inLanguage\":\"fr-FR\",\"@id\":\"https:\\\/\\\/detta.ch\\\/fr\\\/haus-powder-snow\\\/appartement-a-4-1-pieces\\\/#primaryimage\",\"url\":\"https:\\\/\\\/www.detta.ch\\\/wp-content\\\/uploads\\\/TDS000200104732976913-1-2.jpg\",\"contentUrl\":\"https:\\\/\\\/www.detta.ch\\\/wp-content\\\/uploads\\\/TDS000200104732976913-1-2.jpg\",\"width\":567,\"height\":377,\"caption\":\"Ferienwohnung in Zermatt\"},{\"@type\":\"BreadcrumbList\",\"@id\":\"https:\\\/\\\/detta.ch\\\/fr\\\/haus-powder-snow\\\/appartement-a-4-1-pieces\\\/#breadcrumb\",\"itemListElement\":[{\"@type\":\"ListItem\",\"position\":1,\"name\":\"Startseite\",\"item\":\"https:\\\/\\\/detta.ch\\\/fr\\\/\"},{\"@type\":\"ListItem\",\"position\":2,\"name\":\"Haus Powder Snow\",\"item\":\"https:\\\/\\\/detta.ch\\\/fr\\\/haus-powder-snow\\\/\"},{\"@type\":\"ListItem\",\"position\":3,\"name\":\"Appartement de 4 1\\\/2 pi\u00e8ces\"}]},{\"@type\":\"WebSite\",\"@id\":\"https:\\\/\\\/detta.ch\\\/#website\",\"url\":\"https:\\\/\\\/detta.ch\\\/\",\"name\":\"Detta Ferienwohnungen Zermatt, Chalet, appartements\",\"description\":\"Ferienwohnungen Zermatt\",\"potentialAction\":[{\"@type\":\"SearchAction\",\"target\":{\"@type\":\"EntryPoint\",\"urlTemplate\":\"https:\\\/\\\/detta.ch\\\/?s={search_term_string}\"},\"query-input\":{\"@type\":\"PropertyValueSpecification\",\"valueRequired\":true,\"valueName\":\"search_term_string\"}}],\"inLanguage\":\"fr-FR\"}]}<\/script>\n<!-- \/ Yoast SEO plugin. -->","yoast_head_json":{"title":"Appartement de 4 1\/2 pi\u00e8ces - Detta Ferienwohnungen Zermatt, Chalet, appartements","robots":{"index":"index","follow":"follow","max-snippet":"max-snippet:-1","max-image-preview":"max-image-preview:large","max-video-preview":"max-video-preview:-1"},"canonical":"https:\/\/detta.ch\/fr\/haus-powder-snow\/appartement-a-4-1-pieces\/","og_locale":"fr_FR","og_type":"article","og_title":"Appartement de 4 1\/2 pi\u00e8ces - Detta Ferienwohnungen Zermatt, Chalet, appartements","og_description":"Appartement \u00e0 4 1\/2 pi\u00e8ces de 120 m2 grandeur et und merveilleux vue sur le cervin et le village, pour 7 &#8211; 9 personnes. Grand salon avec chemin\u00e9e, TV c\u00e2bl\u00e9e, DVD, Wireless. Balcon Sud avec table et chaises. Cuisine moderne avec bon inventaire, lave-vaisselle, machine \u00e0 caf\u00e9, steamer, etc. WC \/ double bain, double lavabos, [&hellip;]","og_url":"https:\/\/detta.ch\/fr\/haus-powder-snow\/appartement-a-4-1-pieces\/","og_site_name":"Detta Ferienwohnungen Zermatt, Chalet, appartements","article_modified_time":"2016-06-21T06:36:43+00:00","og_image":[{"width":567,"height":377,"url":"https:\/\/detta.ch\/wp-content\/uploads\/TDS000200104732976913-1-2.jpg","type":"image\/jpeg"}],"twitter_card":"summary_large_image","schema":{"@context":"https:\/\/schema.org","@graph":[{"@type":"WebPage","@id":"https:\/\/detta.ch\/fr\/haus-powder-snow\/appartement-a-4-1-pieces\/","url":"https:\/\/detta.ch\/fr\/haus-powder-snow\/appartement-a-4-1-pieces\/","name":"Appartement de 4 1\/2 pi\u00e8ces - Detta Ferienwohnungen Zermatt, Chalet, appartements","isPartOf":{"@id":"https:\/\/detta.ch\/#website"},"primaryImageOfPage":{"@id":"https:\/\/detta.ch\/fr\/haus-powder-snow\/appartement-a-4-1-pieces\/#primaryimage"},"image":{"@id":"https:\/\/detta.ch\/fr\/haus-powder-snow\/appartement-a-4-1-pieces\/#primaryimage"},"thumbnailUrl":"https:\/\/www.detta.ch\/wp-content\/uploads\/TDS000200104732976913-1-2.jpg","datePublished":"2015-05-20T16:49:31+00:00","dateModified":"2016-06-21T06:36:43+00:00","breadcrumb":{"@id":"https:\/\/detta.ch\/fr\/haus-powder-snow\/appartement-a-4-1-pieces\/#breadcrumb"},"inLanguage":"fr-FR","potentialAction":[{"@type":"ReadAction","target":["https:\/\/detta.ch\/fr\/haus-powder-snow\/appartement-a-4-1-pieces\/"]}]},{"@type":"ImageObject","inLanguage":"fr-FR","@id":"https:\/\/detta.ch\/fr\/haus-powder-snow\/appartement-a-4-1-pieces\/#primaryimage","url":"https:\/\/www.detta.ch\/wp-content\/uploads\/TDS000200104732976913-1-2.jpg","contentUrl":"https:\/\/www.detta.ch\/wp-content\/uploads\/TDS000200104732976913-1-2.jpg","width":567,"height":377,"caption":"Ferienwohnung in Zermatt"},{"@type":"BreadcrumbList","@id":"https:\/\/detta.ch\/fr\/haus-powder-snow\/appartement-a-4-1-pieces\/#breadcrumb","itemListElement":[{"@type":"ListItem","position":1,"name":"Startseite","item":"https:\/\/detta.ch\/fr\/"},{"@type":"ListItem","position":2,"name":"Haus Powder Snow","item":"https:\/\/detta.ch\/fr\/haus-powder-snow\/"},{"@type":"ListItem","position":3,"name":"Appartement de 4 1\/2 pi\u00e8ces"}]},{"@type":"WebSite","@id":"https:\/\/detta.ch\/#website","url":"https:\/\/detta.ch\/","name":"Detta Ferienwohnungen Zermatt, Chalet, appartements","description":"Ferienwohnungen Zermatt","potentialAction":[{"@type":"SearchAction","target":{"@type":"EntryPoint","urlTemplate":"https:\/\/detta.ch\/?s={search_term_string}"},"query-input":{"@type":"PropertyValueSpecification","valueRequired":true,"valueName":"search_term_string"}}],"inLanguage":"fr-FR"}]}},"_links":{"self":[{"href":"https:\/\/www.detta.ch\/fr\/wp-json\/wp\/v2\/pages\/867","targetHints":{"allow":["GET"]}}],"collection":[{"href":"https:\/\/www.detta.ch\/fr\/wp-json\/wp\/v2\/pages"}],"about":[{"href":"https:\/\/www.detta.ch\/fr\/wp-json\/wp\/v2\/types\/page"}],"author":[{"embeddable":true,"href":"https:\/\/www.detta.ch\/fr\/wp-json\/wp\/v2\/users\/2"}],"replies":[{"embeddable":true,"href":"https:\/\/www.detta.ch\/fr\/wp-json\/wp\/v2\/comments?post=867"}],"version-history":[{"count":0,"href":"https:\/\/www.detta.ch\/fr\/wp-json\/wp\/v2\/pages\/867\/revisions"}],"up":[{"embeddable":true,"href":"https:\/\/www.detta.ch\/fr\/wp-json\/wp\/v2\/pages\/780"}],"wp:featuredmedia":[{"embeddable":true,"href":"https:\/\/www.detta.ch\/fr\/wp-json\/wp\/v2\/media\/1416"}],"wp:attachment":[{"href":"https:\/\/www.detta.ch\/fr\/wp-json\/wp\/v2\/media?parent=867"}],"curies":[{"name":"wp","href":"https:\/\/api.w.org\/{rel}","templated":true}]}}