{"id":1648,"date":"2018-01-08T13:23:37","date_gmt":"2018-01-08T11:23:37","guid":{"rendered":"http:\/\/detta.ch\/?page_id=1648"},"modified":"2023-07-13T09:03:33","modified_gmt":"2023-07-13T07:03:33","slug":"condizioni","status":"publish","type":"page","link":"https:\/\/www.detta.ch\/it\/condizioni\/","title":{"rendered":"Condizioni"},"content":{"rendered":"\n<h2 class=\"wp-block-heading\" id=\"block-281f6e8e-f8f4-40d7-843c-4ce4ece3a3b7\">Condizioni \/ Impressum \/ Informativa sulla privacy<\/h2>\n\n\n\n<h2 class=\"wp-block-heading\" id=\"block-07ce6d9a-cac0-4bc6-99b3-99de5f7e1bf3\"><br>Impressum<\/h2>\n\n\n\n<p id=\"block-bea29a69-4b7e-4dae-bb7e-f2e2e8e67f8b\">Verantwortlich f\u00fcr die Inhalte der Website:<br><strong>Familie&nbsp;<\/strong><br>Regula Detta-Julen&nbsp;<br>Lauberweg 84&nbsp;<br>3920 Zermatt&nbsp;<br>Switzerland&nbsp;<br>Telefon +41 (0)78 652 20 05&nbsp;<br>www.detta.ch<br><br>Website:<br>mohnrot Webdesign und Grafik<br>Kantonsstrasse 13<br>3930 Visp<br>Telefon 027 945 12 26<br>www.mohnrot.ch<\/p>\n\n\n\n<p id=\"block-4e6a116e-d977-4f4c-bdde-220ba742d268\">\ufeff<\/p>\n\n\n\n<h2 class=\"wp-block-heading\" id=\"block-ff4531c3-0af9-4a73-b77c-204c6b72b873\">Condizioni<\/h2>\n\n\n\n<p id=\"block-1d71c01d-9ed3-4a45-9838-453eda4bab90\"><strong>Stornierung von Buchungen:<br><\/strong>Stornierungen bis zu 30 Tage vor Anreise sind kostenlos.<br>Bei Stornierungen unter 30 Tage vor Anreise sowie Nichtanreisen (no Show) ist der Gesamtbetrag<br>f\u00e4llig.<br><br>Wir empfehlen Ihnen eine Annulation Kosten-Versicherung abzuschliessen.<br><br><strong>Zahlungsbedingungen:<br><\/strong>Die Vorauszahlung der gesamten Buchungssumme ist 30 Tage vor der Anreise erforderlich. Die<br>Bankdaten f\u00fcr die \u00dcberweisung befinden sich auf Ihrem Mietvertrag oder Mietbest\u00e4tigung.<br>\ufeff<\/p>\n\n\n\n<p id=\"block-a34e3d3e-c568-4128-b9bc-12757f7fdf3f\"><strong>Allgemeine Gesch\u00e4ftsbedingungen:<\/strong><br>1. Kann der Mieter die vereinbarten Ferien nicht antreten, so hat er dies dem Vermieter m\u00f6glichst<br>Fr\u00fchzeitig zu melden. Er bleibt aber f\u00fcr den Mietzins haftbar, sofern nicht eine anderweitige<br>Vermietung w\u00e4hrend der vorgesehenen Mietdauer m\u00f6glich ist. Wird die vereinbarte Mietdauer nicht<br>Voll eingehalten, so ist gleichwohl der ganze Mietzins f\u00fcr die vereinbarte Dauer zu entrichten.<br>Hinsichtlich fr\u00fcherer Aufhebung des Vertrages gelten die Bestimmungen des Schweizer<br>Obligationenrechts.<br><br>2. Beanstandungen betreffend das Mietobjekt hat der Mieter bei der \u00dcbernahme desselben<br>anzubringen, andernfalls wird angenommen, dass sich die Lokalit\u00e4ten samt Inventar in<br>verabredetem, vertragsm\u00e4ssigem, gutem Zustand befunden haben.<br><br>3. Der Mieter verpflichtet sich, die von ihm gemieteten R\u00e4umlichkeiten samt Inventar vor Schaden zu<br>bewahren und am Schluss der Mietzeit mit allen Schl\u00fcssel und Zubeh\u00f6r und Inventar wieder<br>abzutreten. Besch\u00e4digte oder unbrauchbare Gegenst\u00e4nde m\u00fcssen gemeldet werden.<br><br>4. Der Mieter verpflichtet sich ausserdem, alles irgendwie schadhaft Scheinende oder Sch\u00e4dliche<br>unges\u00e4umt dem Vermieter zu melden. Irgendwie selbstverschuldete Besch\u00e4digungen am Haus oder<br>in der Wohnung oder am Inventar sind vom Mieter zu tragen.<br><br>5. Das Mietobjekt darf weder ganz oder teilweise in Untermiete zu geben, d.h die Wohnung darf nur<br>von derjenigen Anzahl Personen bewohnt werden, die umstehend erw\u00e4hnt ist.<br><br>6. In die Aborte und Kanalisationen d\u00fcrfen keine verstopfenden Gegenst\u00e4nde geworfen werden.<br><br>7. Wo dieser Vertrag keine besonderen Bestimmungen enth\u00e4lt gelten die Artikel Des Schweizerischen<br>Obligationenrechts.<br><br>8. F\u00fcr allf\u00e4llige Streitigkeiten aus dem vorliegenden Vertrag gilt der Ort des Mietobjekts als<br>Gerichtsstand. Massgebend ist das Schweizerisch Recht.<br><br>Corona Extra: Der Vertrag ist bis einen Monat vor der Anreise bindend und der ganze Mietpreis muss<br>bis dann einbezahlt werden. Jedoch mache ich die Corona Ausnahme, dass im Falle eines Lockdowns,<br>auch Skigebiet Schliessung, sowie striktere Quarant\u00e4nebedingungen von Seiten eines der beteiligten<br>L\u00e4nder die Mietzahlung r\u00fcckerstattet wird!<br><br>\ufeff<\/p>\n\n\n\n<h2 class=\"wp-block-heading\" id=\"block-d6b33081-e69b-4062-aecc-29e8d6c6f447\">Datenschutzerkl\u00e4rung www.detta.ch<\/h2>\n\n\n\n<p id=\"block-eb75d6e8-c95b-4dc7-b187-852247550707\">Ihre Buchungsdaten werden wie folgt bearbeitet:<br><br>Ihre Buchungsdaten (z.B. Anrede, Vorname, Nachname, Geburtsdatum, Nationalit\u00e4t, Sprache, E-Mail-Adresse, Mobile Telefonnummer, Postadresse, Anzahl Personen, Anreisedatum,&nbsp;Abreisedatum, \u00dcbernachtungen und allf\u00e4llige Kurtaxenbefreiung) werden an Bonfire AG und Zermatt Tourismus weitergeleitet (entweder durch uns oder via unser elektronisches&nbsp;Buchungssystem).<br><br>Ihre Buchungsdaten werden in einer zentralen Datenbank durch Bonfire AG und\/oder Zermatt Tourismus erfasst. Wenn Beherberger am E-Mail-Marketing von Zermatt Tourismus&nbsp;teilnehmen, werden die G\u00e4stedaten ebenfalls beim Drittanbieter \u00abSalesforce\u00bb gespeichert und im Rahmen der Gesch\u00e4ftsbeziehung zwischen dem Beherberger und dem Gast verwendet.<br><br>Ihre Buchungsdaten werden ausschliesslich in der Schweiz und der EU verarbeitet.<br><br>Gest\u00fctzt darauf nimmt Zermatt Tourismus die Abrechnung der geschuldeten Kurtaxe und das entsprechende Inkasso bei den Leistungspartnern vor.<br><br>Zermatt Tourismus nimmt zudem das Reporting an das Bundesamt f\u00fcr Statistik vor.<br><br>Bonfire AG und Zermatt Tourismus gew\u00e4hren der Polizei einen Zugang zu der Datenbank mit Buchungsdaten, damit die Polizei beispielsweise bei vermissten Personen die entsprechenden&nbsp;Buchungsdaten abrufen kann.<br><br>Zermatt Tourismus verwendet die Buchungsdaten zur Erhebung von Statistiken (insb. betreffend Auslastung, Aufenthaltsdauer, Anzahl der Ank\u00fcnfte usw.).<br><br>Die Rechtsgrundlage dieser Datenbearbeitungen liegt in der Erf\u00fcllung einer rechtlichen Pflicht i.S.v. Art. 6 Abs. 1 lit. c DSGVO (Abrechnung und Inkasso Kurtaxe \/ Reporting an das Bundesamt&nbsp;f\u00fcr Statistik) bzw. in der Wahrung eines berechtigten Interesses i.S.v. Art. 6 Abs. 1 lit. f DSGVO (Gew\u00e4hrung eines Zugangs an die Polizei \/ Erhebung von Statistiken).&nbsp;&nbsp;<br><br>Ihre Buchungsdaten werden f\u00fcr Zwecke des Direktmarketings (bspw. Newsletterversand) nur dann verwendet, wenn Sie uns dazu Ihre Einwilligung erteilt haben.<br><br>N\u00e4here Informationen zur Verarbeitung Ihrer Daten durch Zermatt Tourismus oder Bonfire AG finden Sie in der Datenschutzerkl\u00e4rung von Zermatt Tourismus:&nbsp;https:\/\/www.zermatt.ch\/Media\/Datenschutzerklaerung-Zermatt-Tourismus.&nbsp;<br>\ufeff<\/p>\n\n\n\n<p id=\"block-5a2063d3-1133-446e-a08f-ea390b82447b\">\ufeff<\/p>\n\n\n\n<h2 class=\"wp-block-heading\" id=\"block-de394dae-d757-425c-bba7-2eea4c8a6652\">Privacy policy www.detta.ch<\/h2>\n\n\n\n<p id=\"block-4651b381-fb40-4f51-b448-0c43ba473c42\">Your booking data is also processed as follows:<\/p>\n\n\n\n<p id=\"block-ce0d5a24-66e1-4a2b-9be4-ac83d24dc728\">Your booking data (e.g. title, first name, last name, nationality, language, e-mail address, mobile telephone number, postal address, number of persons, arrival date, departure date, number of&nbsp;nights of stay and any visitor\u2019s tax exemption) are forwarded to Bonfire AG and Zermatt Tourism (either by us or via our electronic booking system).<br><br>Your booking data is recorded in a central database by Bonfire AG and\/or Zermatt Tourism. If accommodation providers take part in Zermatt Tourism e-mail marketing, the guest data is&nbsp;likewise stored with the third-party provider \u00abSalesforce\u00bb and used as part of the business relationship between the accommodation provider and the guest.<br><br>Your booking data is processed exclusively in Switzerland and the EU.<br><br>Based on this, Zermatt Tourism settles the visitor&#8217;s tax owed and collects the corresponding amount from the service partners.<br><br>Zermatt Tourism also reports information to the Federal Statistical Office.<br><br>Bonfire AG and Zermatt Tourism grant the police access to the database with booking data so that the police can access relevant booking data for missing persons, for example.<br><br>Zermatt Tourism uses the booking data to collect statistics (in particular regarding occupancy, length of stay, number of arrivals, etc.).<\/p>\n\n\n\n<p id=\"block-8ba66f68-f7ca-435a-a015-638292d87b53\">The legal basis for this data processing is the fulfilment of a legal obligation within the meaning of Art. 6 para. 1 (c) GDPR (billing and collection of visitor&#8217;s tax\/reporting to the Federal Statistical&nbsp;Office) and in the sense of Art. 6 para. 1 (f) GDPR (granting access to the police\/collection of statistics).&nbsp;&nbsp;<br><br>Your booking data is only used for direct marketing purposes (e.g. newsletter distribution) if you have given us your consent for this.<br><br>More information on the processing of your data by Zermatt Tourism or Bonfire AG can be found in the Zermatt Tourism privacy policy:<br>https:\/\/www.zermatt.ch\/en\/Media\/Zermatt-Tourism-privacy-policy.<br><br><br>\ufeff<\/p>\n\n\n\n<h2 class=\"wp-block-heading\" id=\"block-7fe30de5-ad82-478a-a2af-75a944e24b80\">D\u00e9claration de protection des donn\u00e9es www.detta.ch<\/h2>\n\n\n\n<p id=\"block-2b4d0145-5b03-4111-b32b-964da06910c2\">Vos donn\u00e9es de r\u00e9servation seront trait\u00e9es comme suit:<br><br>Vos donn\u00e9es de r\u00e9servation (par ex. civilit\u00e9, pr\u00e9nom, nom, date de naissance, nationalit\u00e9, langue, adresse e-mail, num\u00e9ro de t\u00e9l\u00e9phone mobile, adresse postale, date d\u2019arriv\u00e9e, date de&nbsp;d\u00e9part, nuit\u00e9es et exon\u00e9ration \u00e9ventuelle de la taxe de s\u00e9jour) sont transf\u00e9r\u00e9es \u00e0 Bonfire AG et \u00e0 Zermatt Tourisme (soit par nous, soit par notre syst\u00e8me de r\u00e9servation \u00e9lectronique).<br><br>Vos donn\u00e9es de r\u00e9servation seront enregistr\u00e9es dans une base de donn\u00e9es centrale par Bonfire AG et\/ou Zermatt Tourisme. Lorsque des h\u00e9bergeurs participent au marketing par e-mail de&nbsp;Zermatt Tourisme, les donn\u00e9es des clients seront \u00e9galement enregistr\u00e9es chez le prestataire tiers \u00abSalesforce\u00bb et utilis\u00e9es dans le cadre de la relation commerciale entre l\u2019h\u00e9bergeur et l\u2019h\u00f4te.<br><br>Vos donn\u00e9es de r\u00e9servation seront trait\u00e9es exclusivement en Suisse et en Europe.<br><br>Sur cette base, Zermatt Tourisme se charge de facturer les taxes de s\u00e9jour dues et d\u2019encaisser le montant correspondant aupr\u00e8s des partenaires de service.<br><br>Zermatt Tourisme se charge \u00e9galement des d\u00e9clarations destin\u00e9es \u00e0 l\u2019Office f\u00e9d\u00e9ral de la statistique.<br><br>Bonfire AG et Zermatt Tourisme accordent l\u2019acc\u00e8s \u00e0 la base de donn\u00e9es des donn\u00e9es de r\u00e9servation \u00e0 la police afin qu\u2019elle puisse, par exemple, consulter les donn\u00e9es correspondantes en&nbsp;cas de disparition de personnes.<br><br>Zermatt Tourisme utilise les donn\u00e9es de r\u00e9servation \u00e0 des fins statistiques (concernant notamment la fr\u00e9quentation, la dur\u00e9e de s\u00e9jour, le nombre d\u2019arriv\u00e9es, etc.).<br><br>La base l\u00e9gale de ces traitements de donn\u00e9es r\u00e9side dans l\u2019ex\u00e9cution d\u2019une obligation l\u00e9gale au sens de l\u2019art. 6 al. 1 let. c du RGPD (facturation et encaissement des taxes de s\u00e9jour\/d\u00e9claration&nbsp;\u00e0 l\u2019Office f\u00e9d\u00e9ral de la statistique) ou dans la protection d\u2019un int\u00e9r\u00eat l\u00e9gitime au sens de l\u2019art. 6 al. 1 let. f du RGPD (autorisation d\u2019acc\u00e8s \u00e0 la police\/collecte de statistiques).&nbsp;&nbsp;<br><br>Vos donn\u00e9es de r\u00e9servation ne seront utilis\u00e9es \u00e0 des fins de marketing direct (par exemple, pour l\u2019envoi de la newsletter) que si vous nous en avez donn\u00e9 l\u2019autorisation.<br><br>Vous trouverez de plus amples informations concernant le traitement de vos donn\u00e9es par Zermatt Tourisme ou Bonfire AG dans la charte de confidentialit\u00e9 de Zermatt Tourisme:&nbsp;<br>https:\/\/www.zermatt.ch\/fr\/Media\/Charte-de-confidentialite-de-Zermatt-Tourismus.<\/p>\n\n\n\n<p id=\"block-0ecc8bed-4706-490b-afce-0f5bf7439aaa\"><br><br><strong>Familie&nbsp;<\/strong><br>Regula Detta-Julen&nbsp;<br>Lauberweg 84&nbsp;<br>3920 Zermatt&nbsp;<br>Switzerland&nbsp;<br>Telefon +41 (0)78 652 20 05&nbsp;<br>\ufeff<\/p>\n","protected":false},"excerpt":{"rendered":"<p>Condizioni \/ Impressum \/ Informativa sulla privacy Impressum Verantwortlich f\u00fcr die Inhalte der Website:Familie&nbsp;Regula Detta-Julen&nbsp;Lauberweg 84&nbsp;3920 Zermatt&nbsp;Switzerland&nbsp;Telefon +41 (0)78 652 20 05&nbsp;www.detta.ch Website:mohnrot Webdesign und GrafikKantonsstrasse 133930 VispTelefon 027 945 12 26www.mohnrot.ch \ufeff Condizioni Stornierung von Buchungen:Stornierungen bis zu 30 Tage vor Anreise sind kostenlos.Bei Stornierungen unter 30 Tage vor Anreise sowie Nichtanreisen (no Show) [&hellip;]<\/p>\n","protected":false},"author":2,"featured_media":0,"parent":0,"menu_order":0,"comment_status":"closed","ping_status":"closed","template":"page-fullwidth.php","meta":{"_acf_changed":false,"footnotes":""},"class_list":["post-1648","page","type-page","status-publish","hentry"],"acf":[],"yoast_head":"<!-- This site is optimized with the Yoast SEO plugin v27.4 - https:\/\/yoast.com\/product\/yoast-seo-wordpress\/ -->\n<title>Condizioni - Detta Ferienwohnungen Zermatt, Chalet, appartements<\/title>\n<meta name=\"robots\" content=\"index, follow, max-snippet:-1, max-image-preview:large, max-video-preview:-1\" \/>\n<link rel=\"canonical\" href=\"https:\/\/detta.ch\/it\/condizioni\/\" \/>\n<meta property=\"og:locale\" content=\"it_IT\" \/>\n<meta property=\"og:type\" content=\"article\" \/>\n<meta property=\"og:title\" content=\"Condizioni - Detta Ferienwohnungen Zermatt, Chalet, appartements\" \/>\n<meta property=\"og:description\" content=\"Condizioni \/ Impressum \/ Informativa sulla privacy Impressum Verantwortlich f\u00fcr die Inhalte der Website:Familie&nbsp;Regula Detta-Julen&nbsp;Lauberweg 84&nbsp;3920 Zermatt&nbsp;Switzerland&nbsp;Telefon +41 (0)78 652 20 05&nbsp;www.detta.ch Website:mohnrot Webdesign und GrafikKantonsstrasse 133930 VispTelefon 027 945 12 26www.mohnrot.ch \ufeff Condizioni Stornierung von Buchungen:Stornierungen bis zu 30 Tage vor Anreise sind kostenlos.Bei Stornierungen unter 30 Tage vor Anreise sowie Nichtanreisen (no Show) [&hellip;]\" \/>\n<meta property=\"og:url\" content=\"https:\/\/detta.ch\/it\/condizioni\/\" \/>\n<meta property=\"og:site_name\" content=\"Detta Ferienwohnungen Zermatt, Chalet, appartements\" \/>\n<meta property=\"article:modified_time\" content=\"2023-07-13T07:03:33+00:00\" \/>\n<meta name=\"twitter:card\" content=\"summary_large_image\" \/>\n<meta name=\"twitter:label1\" content=\"Tempo di lettura stimato\" \/>\n\t<meta name=\"twitter:data1\" content=\"8 minuti\" \/>\n<script type=\"application\/ld+json\" class=\"yoast-schema-graph\">{\"@context\":\"https:\\\/\\\/schema.org\",\"@graph\":[{\"@type\":\"WebPage\",\"@id\":\"https:\\\/\\\/detta.ch\\\/it\\\/condizioni\\\/\",\"url\":\"https:\\\/\\\/detta.ch\\\/it\\\/condizioni\\\/\",\"name\":\"Condizioni - Detta Ferienwohnungen Zermatt, Chalet, appartements\",\"isPartOf\":{\"@id\":\"https:\\\/\\\/detta.ch\\\/#website\"},\"datePublished\":\"2018-01-08T11:23:37+00:00\",\"dateModified\":\"2023-07-13T07:03:33+00:00\",\"breadcrumb\":{\"@id\":\"https:\\\/\\\/detta.ch\\\/it\\\/condizioni\\\/#breadcrumb\"},\"inLanguage\":\"it-IT\",\"potentialAction\":[{\"@type\":\"ReadAction\",\"target\":[\"https:\\\/\\\/detta.ch\\\/it\\\/condizioni\\\/\"]}]},{\"@type\":\"BreadcrumbList\",\"@id\":\"https:\\\/\\\/detta.ch\\\/it\\\/condizioni\\\/#breadcrumb\",\"itemListElement\":[{\"@type\":\"ListItem\",\"position\":1,\"name\":\"Startseite\",\"item\":\"https:\\\/\\\/detta.ch\\\/it\\\/\"},{\"@type\":\"ListItem\",\"position\":2,\"name\":\"Condizioni\"}]},{\"@type\":\"WebSite\",\"@id\":\"https:\\\/\\\/detta.ch\\\/#website\",\"url\":\"https:\\\/\\\/detta.ch\\\/\",\"name\":\"Detta Ferienwohnungen Zermatt, Chalet, appartements\",\"description\":\"Ferienwohnungen Zermatt\",\"potentialAction\":[{\"@type\":\"SearchAction\",\"target\":{\"@type\":\"EntryPoint\",\"urlTemplate\":\"https:\\\/\\\/detta.ch\\\/?s={search_term_string}\"},\"query-input\":{\"@type\":\"PropertyValueSpecification\",\"valueRequired\":true,\"valueName\":\"search_term_string\"}}],\"inLanguage\":\"it-IT\"}]}<\/script>\n<!-- \/ Yoast SEO plugin. -->","yoast_head_json":{"title":"Condizioni - Detta Ferienwohnungen Zermatt, Chalet, appartements","robots":{"index":"index","follow":"follow","max-snippet":"max-snippet:-1","max-image-preview":"max-image-preview:large","max-video-preview":"max-video-preview:-1"},"canonical":"https:\/\/detta.ch\/it\/condizioni\/","og_locale":"it_IT","og_type":"article","og_title":"Condizioni - Detta Ferienwohnungen Zermatt, Chalet, appartements","og_description":"Condizioni \/ Impressum \/ Informativa sulla privacy Impressum Verantwortlich f\u00fcr die Inhalte der Website:Familie&nbsp;Regula Detta-Julen&nbsp;Lauberweg 84&nbsp;3920 Zermatt&nbsp;Switzerland&nbsp;Telefon +41 (0)78 652 20 05&nbsp;www.detta.ch Website:mohnrot Webdesign und GrafikKantonsstrasse 133930 VispTelefon 027 945 12 26www.mohnrot.ch \ufeff Condizioni Stornierung von Buchungen:Stornierungen bis zu 30 Tage vor Anreise sind kostenlos.Bei Stornierungen unter 30 Tage vor Anreise sowie Nichtanreisen (no Show) [&hellip;]","og_url":"https:\/\/detta.ch\/it\/condizioni\/","og_site_name":"Detta Ferienwohnungen Zermatt, Chalet, appartements","article_modified_time":"2023-07-13T07:03:33+00:00","twitter_card":"summary_large_image","twitter_misc":{"Tempo di lettura stimato":"8 minuti"},"schema":{"@context":"https:\/\/schema.org","@graph":[{"@type":"WebPage","@id":"https:\/\/detta.ch\/it\/condizioni\/","url":"https:\/\/detta.ch\/it\/condizioni\/","name":"Condizioni - Detta Ferienwohnungen Zermatt, Chalet, appartements","isPartOf":{"@id":"https:\/\/detta.ch\/#website"},"datePublished":"2018-01-08T11:23:37+00:00","dateModified":"2023-07-13T07:03:33+00:00","breadcrumb":{"@id":"https:\/\/detta.ch\/it\/condizioni\/#breadcrumb"},"inLanguage":"it-IT","potentialAction":[{"@type":"ReadAction","target":["https:\/\/detta.ch\/it\/condizioni\/"]}]},{"@type":"BreadcrumbList","@id":"https:\/\/detta.ch\/it\/condizioni\/#breadcrumb","itemListElement":[{"@type":"ListItem","position":1,"name":"Startseite","item":"https:\/\/detta.ch\/it\/"},{"@type":"ListItem","position":2,"name":"Condizioni"}]},{"@type":"WebSite","@id":"https:\/\/detta.ch\/#website","url":"https:\/\/detta.ch\/","name":"Detta Ferienwohnungen Zermatt, Chalet, appartements","description":"Ferienwohnungen Zermatt","potentialAction":[{"@type":"SearchAction","target":{"@type":"EntryPoint","urlTemplate":"https:\/\/detta.ch\/?s={search_term_string}"},"query-input":{"@type":"PropertyValueSpecification","valueRequired":true,"valueName":"search_term_string"}}],"inLanguage":"it-IT"}]}},"_links":{"self":[{"href":"https:\/\/www.detta.ch\/it\/wp-json\/wp\/v2\/pages\/1648","targetHints":{"allow":["GET"]}}],"collection":[{"href":"https:\/\/www.detta.ch\/it\/wp-json\/wp\/v2\/pages"}],"about":[{"href":"https:\/\/www.detta.ch\/it\/wp-json\/wp\/v2\/types\/page"}],"author":[{"embeddable":true,"href":"https:\/\/www.detta.ch\/it\/wp-json\/wp\/v2\/users\/2"}],"replies":[{"embeddable":true,"href":"https:\/\/www.detta.ch\/it\/wp-json\/wp\/v2\/comments?post=1648"}],"version-history":[{"count":1,"href":"https:\/\/www.detta.ch\/it\/wp-json\/wp\/v2\/pages\/1648\/revisions"}],"predecessor-version":[{"id":3172,"href":"https:\/\/www.detta.ch\/it\/wp-json\/wp\/v2\/pages\/1648\/revisions\/3172"}],"wp:attachment":[{"href":"https:\/\/www.detta.ch\/it\/wp-json\/wp\/v2\/media?parent=1648"}],"curies":[{"name":"wp","href":"https:\/\/api.w.org\/{rel}","templated":true}]}}